{"id":1051,"date":"2026-01-12T17:59:21","date_gmt":"2026-01-12T17:59:21","guid":{"rendered":"https:\/\/zamecnictvifiala.cz\/eshop\/?post_type=product&#038;p=1051"},"modified":"2026-03-06T08:24:06","modified_gmt":"2026-03-06T08:24:06","slug":"drzak-kvetinacu-na-sloup","status":"publish","type":"product","link":"https:\/\/zamecnictvifiala.cz\/eshop\/produkt\/drzak-kvetinacu-na-sloup\/","title":{"rendered":"Dr\u017e\u00e1k kv\u011btin\u00e1\u010d\u016f na sloup"},"content":{"rendered":"<p data-start=\"107\" data-end=\"138\">\ud83c\udf3f <strong data-start=\"110\" data-end=\"138\">Dr\u017e\u00e1k kv\u011btin\u00e1\u010d\u016f na sloup<\/strong><\/p>\n<p data-start=\"140\" data-end=\"394\">\ud83d\udee0\ufe0f <strong data-start=\"144\" data-end=\"154\">Popis:<\/strong><br data-start=\"154\" data-end=\"157\" \/>Kovov\u00fd dr\u017e\u00e1k ur\u010den\u00fd pro upevn\u011bn\u00ed kv\u011btin\u00e1\u010d\u016f na sloupek plotu nebo jinou konstrukci. Elegantn\u00ed a pevn\u00e9 \u0159e\u0161en\u00ed, kter\u00e9 udr\u017e\u00ed kv\u011btin\u00e1\u010de bezpe\u010dn\u011b na m\u00edst\u011b bez po\u0161kozen\u00ed st\u011bny \u010di sloupku. Ide\u00e1ln\u00ed pro zahrady, terasy, balkony i ve\u0159ejn\u00e9 prostory. Ur\u010deno pro 2 kv\u011btin\u00e1\u010de jak je na foto.<\/p>\n<p data-start=\"396\" data-end=\"603\">\ud83d\udccf <strong data-start=\"399\" data-end=\"415\">Specifikace:<\/strong><br data-start=\"415\" data-end=\"418\" \/>\u2022 Materi\u00e1l: ocel\u00a0<br data-start=\"455\" data-end=\"458\" \/>\u2022 Povrchov\u00e1 \u00faprava: \u017e\u00e1rov\u00fd zinek\u00a0<br data-start=\"512\" data-end=\"515\" \/>\u2022 Mont\u00e1\u017e: na kulat\u00fd zadejte po\u017eadovan\u00fd pr\u016fm\u011br sloupu<br data-start=\"553\" data-end=\"556\" \/>\u2022 Vhodn\u00e9 pro: v\u011bt\u0161inu standardn\u00edch kv\u011btin\u00e1\u010d\u016f \ud83c\udf38<\/p>\n<p data-start=\"605\" data-end=\"831\">\u2b50 <strong data-start=\"607\" data-end=\"639\">Hlavn\u00ed v\u00fdhody tohoto modelu:<\/strong><br data-start=\"639\" data-end=\"642\" \/>\u2022 Stabiln\u00ed a bezpe\u010dn\u00e9 uchycen\u00ed kv\u011btin\u00e1\u010d\u016f \ud83c\udf3f<br data-start=\"685\" data-end=\"688\" \/>\u2022 Odoln\u00e1 konstrukce vhodn\u00e1 pro venkovn\u00ed pou\u017eit\u00ed \ud83d\udcaa<br data-start=\"738\" data-end=\"741\" \/>\u2022 Snadn\u00e1 mont\u00e1\u017e bez slo\u017eit\u00e9ho n\u00e1\u0159ad\u00ed \ud83d\udd27<br data-start=\"780\" data-end=\"783\" \/>\u2022 Univerz\u00e1ln\u00ed \u0159e\u0161en\u00ed pro r\u016fzn\u00e9 typy sloupk\u016f \ud83d\udcd0<\/p>\n<p data-start=\"833\" data-end=\"1007\">\n<div class=\"wpcf7 no-js\" id=\"wpcf7-f1092-o1\" lang=\"cs-CZ\" dir=\"ltr\" data-wpcf7-id=\"1092\">\n<div class=\"screen-reader-response\"><p role=\"status\" aria-live=\"polite\" aria-atomic=\"true\"><\/p> <ul><\/ul><\/div>\n<form action=\"\/eshop\/wp-json\/wp\/v2\/product\/1051#wpcf7-f1092-o1\" method=\"post\" class=\"wpcf7-form init\" aria-label=\"Kontaktn\u00ed formul\u00e1\u0159\" novalidate=\"novalidate\" data-status=\"init\">\n<fieldset class=\"hidden-fields-container\"><input type=\"hidden\" name=\"_wpcf7\" value=\"1092\" \/><input type=\"hidden\" name=\"_wpcf7_version\" value=\"6.1.5\" \/><input type=\"hidden\" name=\"_wpcf7_locale\" value=\"cs_CZ\" \/><input type=\"hidden\" name=\"_wpcf7_unit_tag\" value=\"wpcf7-f1092-o1\" \/><input type=\"hidden\" name=\"_wpcf7_container_post\" value=\"0\" \/><input type=\"hidden\" name=\"_wpcf7_posted_data_hash\" value=\"\" \/>\n<\/fieldset>\n<p><label> Va\u0161e jm\u00e9no<br \/>\n<span class=\"wpcf7-form-control-wrap\" data-name=\"your-name\"><input size=\"40\" maxlength=\"400\" class=\"wpcf7-form-control wpcf7-text wpcf7-validates-as-required\" autocomplete=\"name\" aria-required=\"true\" aria-invalid=\"false\" value=\"\" type=\"text\" name=\"your-name\" \/><\/span> <\/label>\n<\/p>\n<p><label> N\u00e1zev obce<br \/>\n<span class=\"wpcf7-form-control-wrap\" data-name=\"your-name\"><input size=\"40\" maxlength=\"400\" class=\"wpcf7-form-control wpcf7-text wpcf7-validates-as-required\" autocomplete=\"name\" aria-required=\"true\" aria-invalid=\"false\" value=\"\" type=\"text\" name=\"your-name\" \/><\/span> <\/label>\n<\/p>\n<p><label> V\u00e1\u0161 e-mail<br \/>\n<span class=\"wpcf7-form-control-wrap\" data-name=\"your-email\"><input size=\"40\" maxlength=\"400\" class=\"wpcf7-form-control wpcf7-email wpcf7-validates-as-required wpcf7-text wpcf7-validates-as-email\" autocomplete=\"email\" aria-required=\"true\" aria-invalid=\"false\" value=\"\" type=\"email\" name=\"your-email\" \/><\/span> <\/label>\n<\/p>\n<p><label> P\u0159edm\u011bt<br \/>\n<span class=\"wpcf7-form-control-wrap\" data-name=\"your-subject\"><input size=\"40\" maxlength=\"400\" class=\"wpcf7-form-control wpcf7-text wpcf7-validates-as-required\" aria-required=\"true\" aria-invalid=\"false\" value=\"\" type=\"text\" name=\"your-subject\" \/><\/span> <\/label>\n<\/p>\n<p><label> Va\u0161e zpr\u00e1va (voliteln\u00fd)<br \/>\n<span class=\"wpcf7-form-control-wrap\" data-name=\"your-message\"><textarea cols=\"40\" rows=\"10\" maxlength=\"2000\" class=\"wpcf7-form-control wpcf7-textarea\" aria-invalid=\"false\" name=\"your-message\"><\/textarea><\/span> <\/label>\n<\/p>\n<p><input class=\"wpcf7-form-control wpcf7-submit has-spinner\" type=\"submit\" value=\"Odeslat\" \/>\n<\/p><div class=\"wpcf7-response-output\" aria-hidden=\"true\"><\/div>\n<\/form>\n<\/div>\n<\/p>\n","protected":false},"excerpt":{"rendered":"<p>\ud83c\udf3f Dr\u017e\u00e1k kv\u011btin\u00e1\u010d\u016f na sloup \ud83d\udee0\ufe0f Popis:Kovov\u00fd dr\u017e\u00e1k ur\u010den\u00fd pro upevn\u011bn\u00ed kv\u011btin\u00e1\u010d\u016f na sloupek plotu nebo jinou konstrukci. Elegantn\u00ed a pevn\u00e9 \u0159e\u0161en\u00ed, kter\u00e9 udr\u017e\u00ed kv\u011btin\u00e1\u010de bezpe\u010dn\u011b na m\u00edst\u011b bez po\u0161kozen\u00ed st\u011bny \u010di sloupku. Ide\u00e1ln\u00ed pro zahrady, terasy, balkony i ve\u0159ejn\u00e9 prostory. Ur\u010deno pro 2 kv\u011btin\u00e1\u010de jak je na foto. \ud83d\udccf Specifikace:\u2022 Materi\u00e1l: ocel\u00a0\u2022 Povrchov\u00e1 \u00faprava: [&hellip;]<\/p>\n","protected":false},"featured_media":1053,"comment_status":"open","ping_status":"closed","template":"","meta":[],"product_brand":[],"product_cat":[51],"product_tag":[],"class_list":{"0":"post-1051","1":"product","2":"type-product","3":"status-publish","4":"has-post-thumbnail","6":"product_cat-produkty-do-mesta","8":"first","9":"onbackorder","10":"taxable","11":"shipping-taxable","12":"product-type-simple"},"jetpack_sharing_enabled":true,"_links":{"self":[{"href":"https:\/\/zamecnictvifiala.cz\/eshop\/wp-json\/wp\/v2\/product\/1051","targetHints":{"allow":["GET"]}}],"collection":[{"href":"https:\/\/zamecnictvifiala.cz\/eshop\/wp-json\/wp\/v2\/product"}],"about":[{"href":"https:\/\/zamecnictvifiala.cz\/eshop\/wp-json\/wp\/v2\/types\/product"}],"replies":[{"embeddable":true,"href":"https:\/\/zamecnictvifiala.cz\/eshop\/wp-json\/wp\/v2\/comments?post=1051"}],"wp:featuredmedia":[{"embeddable":true,"href":"https:\/\/zamecnictvifiala.cz\/eshop\/wp-json\/wp\/v2\/media\/1053"}],"wp:attachment":[{"href":"https:\/\/zamecnictvifiala.cz\/eshop\/wp-json\/wp\/v2\/media?parent=1051"}],"wp:term":[{"taxonomy":"product_brand","embeddable":true,"href":"https:\/\/zamecnictvifiala.cz\/eshop\/wp-json\/wp\/v2\/product_brand?post=1051"},{"taxonomy":"product_cat","embeddable":true,"href":"https:\/\/zamecnictvifiala.cz\/eshop\/wp-json\/wp\/v2\/product_cat?post=1051"},{"taxonomy":"product_tag","embeddable":true,"href":"https:\/\/zamecnictvifiala.cz\/eshop\/wp-json\/wp\/v2\/product_tag?post=1051"}],"curies":[{"name":"wp","href":"https:\/\/api.w.org\/{rel}","templated":true}]}}