{"id":1150,"date":"2026-03-26T13:10:09","date_gmt":"2026-03-26T13:10:09","guid":{"rendered":"https:\/\/zamecnictvifiala.cz\/eshop\/?post_type=product&#038;p=1150"},"modified":"2026-03-26T13:13:51","modified_gmt":"2026-03-26T13:13:51","slug":"drzak-kolobezek-nastenny-uzamykatelny","status":"publish","type":"product","link":"https:\/\/zamecnictvifiala.cz\/eshop\/produkt\/drzak-kolobezek-nastenny-uzamykatelny\/","title":{"rendered":"Dr\u017e\u00e1k kolob\u011b\u017eek n\u00e1st\u011bnn\u00fd, uzamykateln\u00fd"},"content":{"rendered":"<h2 data-section-id=\"1p4j70d\" data-start=\"0\" data-end=\"32\">\ud83d\udef4 Dr\u017e\u00e1k kolob\u011b\u017eek \u2013 n\u00e1st\u011bnn\u00fd<\/h2>\n<p data-start=\"34\" data-end=\"262\">Praktick\u00fd n\u00e1st\u011bnn\u00fd dr\u017e\u00e1k kolob\u011b\u017eek je ide\u00e1ln\u00edm \u0159e\u0161en\u00edm pro p\u0159ehledn\u00e9 a bezpe\u010dn\u00e9 ulo\u017een\u00ed kolob\u011b\u017eek\u00a0 Umo\u017e\u0148uje \u00fasporu m\u00edsta a chr\u00e1n\u00ed kolob\u011b\u017eky p\u0159ed po\u0161kozen\u00edm p\u0159i voln\u00e9m op\u0159en\u00ed.<\/p>\n<p data-start=\"264\" data-end=\"424\">Dr\u017e\u00e1k je vyroben z pevn\u00e9 oceli a navr\u017een pro dlouhodob\u00e9 pou\u017e\u00edv\u00e1n\u00ed. Konstrukce zaji\u0161\u0165uje stabiln\u00ed uchycen\u00ed kolob\u011b\u017eky a tak\u00e9 umo\u017e\u0148uje jej\u00ed uzam\u010den\u00ed.<\/p>\n<hr data-start=\"426\" data-end=\"429\" \/>\n<h3 data-section-id=\"mpc34a\" data-start=\"431\" data-end=\"448\">\u2705 Vlastnosti:<\/h3>\n<ul data-start=\"449\" data-end=\"616\">\n<li data-section-id=\"1mwfk53\" data-start=\"449\" data-end=\"483\">\u00faspora m\u00edsta \u2013 mont\u00e1\u017e na st\u011bnu<\/li>\n<li data-section-id=\"1pk27og\" data-start=\"484\" data-end=\"515\">pevn\u00e1 a stabiln\u00ed konstrukce<\/li>\n<li data-section-id=\"1roftpw\" data-start=\"550\" data-end=\"595\">vhodn\u00e9 pro dom\u00e1cnosti i spole\u010dn\u00e9 prostory<\/li>\n<li data-section-id=\"ohsn1r\" data-start=\"596\" data-end=\"616\">dlouh\u00e1 \u017eivotnost<\/li>\n<\/ul>\n<hr data-start=\"618\" data-end=\"621\" \/>\n<h3 data-section-id=\"o4tec7\" data-start=\"623\" data-end=\"651\">\ud83d\udee0 Materi\u00e1l a proveden\u00ed:<\/h3>\n<ul data-start=\"652\" data-end=\"786\">\n<li data-section-id=\"8y9hky\" data-start=\"652\" data-end=\"672\">konstruk\u010dn\u00ed ocel<\/li>\n<li data-section-id=\"mcrfml\" data-start=\"673\" data-end=\"726\">mo\u017enost povrchov\u00e9 \u00fapravy (\u017e\u00e1rov\u00fd zinek \/ komaxit)<\/li>\n<\/ul>\n<hr data-start=\"788\" data-end=\"791\" \/>\n<p data-start=\"864\" data-end=\"1027\"><img decoding=\"async\" class=\"emoji\" role=\"img\" draggable=\"false\" src=\"https:\/\/s.w.org\/images\/core\/emoji\/17.0.2\/svg\/1f4e7.svg\" alt=\"\ud83d\udce7\" \/>\u00a0<strong data-start=\"867\" data-end=\"915\">Pot\u0159ebujete jin\u00fd rozm\u011br, tvar nebo uchycen\u00ed?<\/strong><br data-start=\"915\" data-end=\"918\" \/>Kontaktujte n\u00e1s na\u00a0<strong data-start=\"937\" data-end=\"977\"><a class=\"decorated-link cursor-pointer\" rel=\"noopener\" data-start=\"939\" data-end=\"975\">zamecnictvifiala@zamecnictvifiala.cz<\/a><\/strong><br data-start=\"977\" data-end=\"980\" \/>\u2014 vyrob\u00edme dr\u017e\u00e1k p\u0159esn\u011b podle va\u0161ich po\u017eadavk\u016f.<\/p>\n<p data-start=\"1029\" data-end=\"1085\"><img decoding=\"async\" class=\"emoji\" role=\"img\" draggable=\"false\" src=\"https:\/\/s.w.org\/images\/core\/emoji\/17.0.2\/svg\/1f4de.svg\" alt=\"\ud83d\udcde\" \/>\u00a0<strong data-start=\"1032\" data-end=\"1066\">Technick\u00e9 dotazy a konzultace:<\/strong>\u00a0+420 604 881 251<\/p>\n","protected":false},"excerpt":{"rendered":"<p>\ud83d\udef4 Dr\u017e\u00e1k kolob\u011b\u017eek \u2013 n\u00e1st\u011bnn\u00fd Praktick\u00fd n\u00e1st\u011bnn\u00fd dr\u017e\u00e1k kolob\u011b\u017eek je ide\u00e1ln\u00edm \u0159e\u0161en\u00edm pro p\u0159ehledn\u00e9 a bezpe\u010dn\u00e9 ulo\u017een\u00ed kolob\u011b\u017eek\u00a0 Umo\u017e\u0148uje \u00fasporu m\u00edsta a chr\u00e1n\u00ed kolob\u011b\u017eky p\u0159ed po\u0161kozen\u00edm p\u0159i voln\u00e9m op\u0159en\u00ed. Dr\u017e\u00e1k je vyroben z pevn\u00e9 oceli a navr\u017een pro dlouhodob\u00e9 pou\u017e\u00edv\u00e1n\u00ed. Konstrukce zaji\u0161\u0165uje stabiln\u00ed uchycen\u00ed kolob\u011b\u017eky a tak\u00e9 umo\u017e\u0148uje jej\u00ed uzam\u010den\u00ed. \u2705 Vlastnosti: \u00faspora m\u00edsta \u2013 [&hellip;]<\/p>\n","protected":false},"featured_media":1153,"comment_status":"open","ping_status":"closed","template":"","meta":[],"product_brand":[],"product_cat":[51],"product_tag":[],"class_list":{"0":"post-1150","1":"product","2":"type-product","3":"status-publish","4":"has-post-thumbnail","6":"product_cat-produkty-do-mesta","8":"first","9":"instock","10":"taxable","11":"shipping-taxable","12":"purchasable","13":"product-type-simple"},"jetpack_sharing_enabled":true,"_links":{"self":[{"href":"https:\/\/zamecnictvifiala.cz\/eshop\/wp-json\/wp\/v2\/product\/1150","targetHints":{"allow":["GET"]}}],"collection":[{"href":"https:\/\/zamecnictvifiala.cz\/eshop\/wp-json\/wp\/v2\/product"}],"about":[{"href":"https:\/\/zamecnictvifiala.cz\/eshop\/wp-json\/wp\/v2\/types\/product"}],"replies":[{"embeddable":true,"href":"https:\/\/zamecnictvifiala.cz\/eshop\/wp-json\/wp\/v2\/comments?post=1150"}],"wp:featuredmedia":[{"embeddable":true,"href":"https:\/\/zamecnictvifiala.cz\/eshop\/wp-json\/wp\/v2\/media\/1153"}],"wp:attachment":[{"href":"https:\/\/zamecnictvifiala.cz\/eshop\/wp-json\/wp\/v2\/media?parent=1150"}],"wp:term":[{"taxonomy":"product_brand","embeddable":true,"href":"https:\/\/zamecnictvifiala.cz\/eshop\/wp-json\/wp\/v2\/product_brand?post=1150"},{"taxonomy":"product_cat","embeddable":true,"href":"https:\/\/zamecnictvifiala.cz\/eshop\/wp-json\/wp\/v2\/product_cat?post=1150"},{"taxonomy":"product_tag","embeddable":true,"href":"https:\/\/zamecnictvifiala.cz\/eshop\/wp-json\/wp\/v2\/product_tag?post=1150"}],"curies":[{"name":"wp","href":"https:\/\/api.w.org\/{rel}","templated":true}]}}