{"id":1159,"date":"2026-04-07T11:11:40","date_gmt":"2026-04-07T11:11:40","guid":{"rendered":"https:\/\/zamecnictvifiala.cz\/eshop\/?post_type=product&#038;p=1159"},"modified":"2026-04-07T11:27:13","modified_gmt":"2026-04-07T11:27:13","slug":"rucni-zatloukac-kulu","status":"publish","type":"product","link":"https:\/\/zamecnictvifiala.cz\/eshop\/produkt\/rucni-zatloukac-kulu\/","title":{"rendered":"Ru\u010dn\u00ed zatlouka\u010d k\u016fl\u016f"},"content":{"rendered":"<h2 data-section-id=\"1k64h34\" data-start=\"0\" data-end=\"26\">\ud83d\udd28 Ru\u010dn\u00ed zatlouka\u010d k\u016fl\u016f<\/h2>\n<p data-start=\"28\" data-end=\"273\">Robustn\u00ed ru\u010dn\u00ed zatlouka\u010d k\u016fl\u016f je praktick\u00fd n\u00e1stroj ur\u010den\u00fd pro rychl\u00e9 a bezpe\u010dn\u00e9 zatlouk\u00e1n\u00ed sloupk\u016f, k\u016fl\u016f a ty\u010d\u00ed do zem\u011b bez nutnosti pou\u017eit\u00ed t\u011b\u017ek\u00e9 techniky. Ide\u00e1ln\u00ed pro pr\u00e1ce na zahrad\u011b, stavbu oplocen\u00ed, mont\u00e1\u017e zna\u010dek nebo instalaci op\u011br strom\u016f.<\/p>\n<p data-start=\"275\" data-end=\"420\">D\u00edky pevn\u00e9 ocelov\u00e9 konstrukci a jednoduch\u00e9mu principu pou\u017eit\u00ed umo\u017e\u0148uje efektivn\u00ed pr\u00e1ci s minim\u00e1ln\u00ed n\u00e1mahou a p\u0159esn\u00fdm veden\u00edm k\u016flu p\u0159i zatlouk\u00e1n\u00ed.<\/p>\n<hr data-start=\"422\" data-end=\"425\" \/>\n<h3 data-section-id=\"mpc34a\" data-start=\"427\" data-end=\"444\">\u2705 Vlastnosti:<\/h3>\n<ul data-start=\"445\" data-end=\"627\">\n<li data-section-id=\"1f5xdc5\" data-start=\"445\" data-end=\"474\">odoln\u00e1 a pevn\u00e1 konstrukce<\/li>\n<li data-section-id=\"1ici61\" data-start=\"475\" data-end=\"510\">snadn\u00e9 a p\u0159esn\u00e9 zatlouk\u00e1n\u00ed k\u016fl\u016f<\/li>\n<li data-section-id=\"1ny2oc2\" data-start=\"511\" data-end=\"565\">zvy\u0161uje bezpe\u010dnost pr\u00e1ce oproti klasick\u00e9mu kladivu<\/li>\n<li data-section-id=\"36y2d6\" data-start=\"566\" data-end=\"606\">vhodn\u00fd pro r\u016fzn\u00e9 typy sloupk\u016f a ty\u010d\u00ed<\/li>\n<li data-section-id=\"ohsn1r\" data-start=\"607\" data-end=\"627\">dlouh\u00e1 \u017eivotnost<\/li>\n<\/ul>\n<hr data-start=\"629\" data-end=\"632\" \/>\n<h3 data-section-id=\"o4tec7\" data-start=\"634\" data-end=\"662\">\ud83d\udee0 Materi\u00e1l a proveden\u00ed:<\/h3>\n<ul data-start=\"663\" data-end=\"809\">\n<li data-section-id=\"8y9hky\" data-start=\"663\" data-end=\"683\">konstruk\u010dn\u00ed ocel<\/li>\n<li data-section-id=\"179r93u\" data-start=\"684\" data-end=\"725\">zes\u00edlen\u00e9 proveden\u00ed pro vy\u0161\u0161\u00ed odolnost<\/li>\n<li data-section-id=\"1oo1ohi\" data-start=\"726\" data-end=\"766\">ergonomick\u00e9 madla pro pohodln\u00fd \u00fachop<\/li>\n<li data-section-id=\"2nxmnz\" data-start=\"767\" data-end=\"809\">mo\u017enost povrchov\u00e9 \u00fapravy (lak \/ zinek)<\/li>\n<\/ul>\n<hr data-start=\"811\" data-end=\"814\" \/>\n<h3 data-section-id=\"1x5n2t\" data-start=\"816\" data-end=\"831\">\ud83d\udcd0 Pou\u017eit\u00ed:<\/h3>\n<ul data-start=\"832\" data-end=\"951\">\n<li data-section-id=\"13i0il7\" data-start=\"832\" data-end=\"863\">instalace plotov\u00fdch sloupk\u016f<\/li>\n<li data-section-id=\"13o5r6u\" data-start=\"864\" data-end=\"904\">zatlouk\u00e1n\u00ed d\u0159ev\u011bn\u00fdch i kovov\u00fdch k\u016fl\u016f<\/li>\n<li data-section-id=\"1m60b9n\" data-start=\"905\" data-end=\"921\">opory strom\u016f<\/li>\n<li data-section-id=\"zk7oan\" data-start=\"922\" data-end=\"951\">zahradn\u00ed a stavebn\u00ed pr\u00e1ce<\/li>\n<\/ul>\n<p data-start=\"953\" data-end=\"1064\">Zatlouka\u010d je vhodn\u00fd pro profesion\u00e1ln\u00ed i hobby pou\u017eit\u00ed a v\u00fdrazn\u011b usnad\u0148uje pr\u00e1ci p\u0159i mont\u00e1\u017ei konstrukc\u00ed do zem\u011b.<\/p>\n<p data-start=\"864\" data-end=\"1027\"><img decoding=\"async\" class=\"emoji\" role=\"img\" draggable=\"false\" src=\"https:\/\/s.w.org\/images\/core\/emoji\/17.0.2\/svg\/1f4e7.svg\" alt=\"\ud83d\udce7\" \/>\u00a0<strong data-start=\"867\" data-end=\"915\">Pot\u0159ebujete jin\u00fd rozm\u011br, tvar nebo uchycen\u00ed?<\/strong><br data-start=\"915\" data-end=\"918\" \/>Kontaktujte n\u00e1s na\u00a0<strong data-start=\"937\" data-end=\"977\"><a class=\"decorated-link cursor-pointer\" rel=\"noopener\" data-start=\"939\" data-end=\"975\">zamecnictvifiala@zamecnictvifiala.cz<\/a><\/strong><br data-start=\"977\" data-end=\"980\" \/>\u2014 vyrob\u00edme dr\u017e\u00e1k p\u0159esn\u011b podle va\u0161ich po\u017eadavk\u016f.<\/p>\n<p data-start=\"1029\" data-end=\"1085\"><img decoding=\"async\" class=\"emoji\" role=\"img\" draggable=\"false\" src=\"https:\/\/s.w.org\/images\/core\/emoji\/17.0.2\/svg\/1f4de.svg\" alt=\"\ud83d\udcde\" \/>\u00a0<strong data-start=\"1032\" data-end=\"1066\">Technick\u00e9 dotazy a konzultace:<\/strong>\u00a0+420 604 881 251<\/p>\n","protected":false},"excerpt":{"rendered":"<p>\ud83d\udd28 Ru\u010dn\u00ed zatlouka\u010d k\u016fl\u016f Robustn\u00ed ru\u010dn\u00ed zatlouka\u010d k\u016fl\u016f je praktick\u00fd n\u00e1stroj ur\u010den\u00fd pro rychl\u00e9 a bezpe\u010dn\u00e9 zatlouk\u00e1n\u00ed sloupk\u016f, k\u016fl\u016f a ty\u010d\u00ed do zem\u011b bez nutnosti pou\u017eit\u00ed t\u011b\u017ek\u00e9 techniky. Ide\u00e1ln\u00ed pro pr\u00e1ce na zahrad\u011b, stavbu oplocen\u00ed, mont\u00e1\u017e zna\u010dek nebo instalaci op\u011br strom\u016f. D\u00edky pevn\u00e9 ocelov\u00e9 konstrukci a jednoduch\u00e9mu principu pou\u017eit\u00ed umo\u017e\u0148uje efektivn\u00ed pr\u00e1ci s minim\u00e1ln\u00ed n\u00e1mahou [&hellip;]<\/p>\n","protected":false},"featured_media":1160,"comment_status":"open","ping_status":"closed","template":"","meta":[],"product_brand":[],"product_cat":[24],"product_tag":[],"class_list":{"0":"post-1159","1":"product","2":"type-product","3":"status-publish","4":"has-post-thumbnail","6":"product_cat-ocelove-prvky","8":"first","9":"onbackorder","10":"taxable","11":"shipping-taxable","12":"purchasable","13":"product-type-simple"},"jetpack_sharing_enabled":true,"_links":{"self":[{"href":"https:\/\/zamecnictvifiala.cz\/eshop\/wp-json\/wp\/v2\/product\/1159","targetHints":{"allow":["GET"]}}],"collection":[{"href":"https:\/\/zamecnictvifiala.cz\/eshop\/wp-json\/wp\/v2\/product"}],"about":[{"href":"https:\/\/zamecnictvifiala.cz\/eshop\/wp-json\/wp\/v2\/types\/product"}],"replies":[{"embeddable":true,"href":"https:\/\/zamecnictvifiala.cz\/eshop\/wp-json\/wp\/v2\/comments?post=1159"}],"wp:featuredmedia":[{"embeddable":true,"href":"https:\/\/zamecnictvifiala.cz\/eshop\/wp-json\/wp\/v2\/media\/1160"}],"wp:attachment":[{"href":"https:\/\/zamecnictvifiala.cz\/eshop\/wp-json\/wp\/v2\/media?parent=1159"}],"wp:term":[{"taxonomy":"product_brand","embeddable":true,"href":"https:\/\/zamecnictvifiala.cz\/eshop\/wp-json\/wp\/v2\/product_brand?post=1159"},{"taxonomy":"product_cat","embeddable":true,"href":"https:\/\/zamecnictvifiala.cz\/eshop\/wp-json\/wp\/v2\/product_cat?post=1159"},{"taxonomy":"product_tag","embeddable":true,"href":"https:\/\/zamecnictvifiala.cz\/eshop\/wp-json\/wp\/v2\/product_tag?post=1159"}],"curies":[{"name":"wp","href":"https:\/\/api.w.org\/{rel}","templated":true}]}}