{"id":1182,"date":"2026-04-08T12:50:59","date_gmt":"2026-04-08T12:50:59","guid":{"rendered":"https:\/\/zamecnictvifiala.cz\/eshop\/?post_type=product&#038;p=1182"},"modified":"2026-04-08T13:11:27","modified_gmt":"2026-04-08T13:11:27","slug":"%f0%9f%9b%b4-nastenny-drzak-kolobezek-5mistny","status":"publish","type":"product","link":"https:\/\/zamecnictvifiala.cz\/eshop\/produkt\/%f0%9f%9b%b4-nastenny-drzak-kolobezek-5mistny\/","title":{"rendered":"\ud83d\udef4 N\u00e1st\u011bnn\u00fd dr\u017e\u00e1k kolob\u011b\u017eek \u2013 5m\u00edstn\u00fd"},"content":{"rendered":"<p data-start=\"42\" data-end=\"269\">Praktick\u00fd n\u00e1st\u011bnn\u00fd dr\u017e\u00e1k pro ulo\u017een\u00ed a\u017e 5 kolob\u011b\u017eek je ide\u00e1ln\u00edm \u0159e\u0161en\u00edm pro \u0161koly, bytov\u00e9 domy, firmy i ve\u0159ejn\u00e9 prostory.<\/p>\n<p data-start=\"271\" data-end=\"369\">Dr\u017e\u00e1k je navr\u017een pro ka\u017edodenn\u00ed provoz, m\u00e1 pevnou ocelovou konstrukci a jednoduchou mont\u00e1\u017e na ze\u010f.<\/p>\n<hr data-start=\"371\" data-end=\"374\" \/>\n<h3 data-section-id=\"mpc34a\" data-start=\"376\" data-end=\"393\">\u2705 Vlastnosti:<\/h3>\n<ul data-start=\"394\" data-end=\"589\">\n<li data-section-id=\"1g18urs\" data-start=\"394\" data-end=\"421\">kapacita a\u017e 5 kolob\u011b\u017eek<\/li>\n<li data-section-id=\"miqy4g\" data-start=\"422\" data-end=\"463\">\u00faspora prostoru d\u00edky n\u00e1st\u011bnn\u00e9 mont\u00e1\u017ei<\/li>\n<li data-section-id=\"1pk27og\" data-start=\"464\" data-end=\"495\">pevn\u00e1 a stabiln\u00ed konstrukce<\/li>\n<li data-section-id=\"3nyvwg\" data-start=\"527\" data-end=\"568\">vhodn\u00e9 pro interi\u00e9r i exteri\u00e9r<\/li>\n<li data-section-id=\"ohsn1r\" data-start=\"569\" data-end=\"589\">dlouh\u00e1 \u017eivotnost<\/li>\n<li data-section-id=\"ohsn1r\" data-start=\"569\" data-end=\"589\">mo\u017enost uzam\u010den\u00ed kolob\u011b\u017eek<\/li>\n<li data-section-id=\"ohsn1r\" data-start=\"569\" data-end=\"589\">Rozm\u011br: 12 x 100 x 25 cm<\/li>\n<\/ul>\n<hr data-start=\"591\" data-end=\"594\" \/>\n<h3 data-section-id=\"o4tec7\" data-start=\"596\" data-end=\"624\">\ud83d\udee0 Materi\u00e1l a proveden\u00ed:<\/h3>\n<ul data-start=\"625\" data-end=\"784\">\n<li data-section-id=\"8y9hky\" data-start=\"625\" data-end=\"645\">konstruk\u010dn\u00ed ocel<\/li>\n<li data-section-id=\"1xu0m5\" data-start=\"671\" data-end=\"724\">mo\u017enost povrchov\u00e9 \u00fapravy (komaxit \/ \u017e\u00e1rov\u00fd zinek)<\/li>\n<\/ul>\n<hr data-start=\"786\" data-end=\"789\" \/>\n<h3 data-section-id=\"1x5n2t\" data-start=\"791\" data-end=\"806\">\ud83d\udcd0 Pou\u017eit\u00ed:<\/h3>\n<ul data-start=\"807\" data-end=\"899\">\n<li data-section-id=\"hk1nt9\" data-start=\"807\" data-end=\"830\">\u0161koly a sportovi\u0161t\u011b<\/li>\n<li data-section-id=\"1ak4u4o\" data-start=\"831\" data-end=\"846\">bytov\u00e9 domy<\/li>\n<li data-section-id=\"zsizk9\" data-start=\"847\" data-end=\"879\">firmy a kancel\u00e1\u0159sk\u00e9 prostory<\/li>\n<li data-section-id=\"nzpccf\" data-start=\"880\" data-end=\"899\">gar\u00e1\u017ee a sklepy<\/li>\n<\/ul>\n<p data-start=\"901\" data-end=\"998\">Dr\u017e\u00e1k lze vyrobit i v jin\u00fdch variant\u00e1ch (po\u010det m\u00edst, rozm\u011bry, proveden\u00ed) dle po\u017eadavk\u016f z\u00e1kazn\u00edka.<\/p>\n<hr data-start=\"1000\" data-end=\"1003\" \/>\n<p data-start=\"864\" data-end=\"1027\"><img decoding=\"async\" class=\"emoji\" role=\"img\" draggable=\"false\" src=\"https:\/\/s.w.org\/images\/core\/emoji\/17.0.2\/svg\/1f4e7.svg\" alt=\"\ud83d\udce7\" \/>\u00a0<strong data-start=\"867\" data-end=\"915\">Pot\u0159ebujete jin\u00fd rozm\u011br, tvar nebo uchycen\u00ed?<\/strong><br data-start=\"915\" data-end=\"918\" \/>Kontaktujte n\u00e1s na\u00a0<strong data-start=\"937\" data-end=\"977\"><a class=\"decorated-link cursor-pointer\" rel=\"noopener\" data-start=\"939\" data-end=\"975\">zamecnictvifiala@zamecnictvifiala.cz<\/a><\/strong><br data-start=\"977\" data-end=\"980\" \/>\u2014 vyrob\u00edme dr\u017e\u00e1k p\u0159esn\u011b podle va\u0161ich po\u017eadavk\u016f.<\/p>\n<p data-start=\"1029\" data-end=\"1085\"><img decoding=\"async\" class=\"emoji\" role=\"img\" draggable=\"false\" src=\"https:\/\/s.w.org\/images\/core\/emoji\/17.0.2\/svg\/1f4de.svg\" alt=\"\ud83d\udcde\" \/>\u00a0<strong data-start=\"1032\" data-end=\"1066\">Technick\u00e9 dotazy a konzultace:<\/strong>\u00a0+420 604 881 251<\/p>\n","protected":false},"excerpt":{"rendered":"<p>Praktick\u00fd n\u00e1st\u011bnn\u00fd dr\u017e\u00e1k pro ulo\u017een\u00ed a\u017e 5 kolob\u011b\u017eek je ide\u00e1ln\u00edm \u0159e\u0161en\u00edm pro \u0161koly, bytov\u00e9 domy, firmy i ve\u0159ejn\u00e9 prostory. Dr\u017e\u00e1k je navr\u017een pro ka\u017edodenn\u00ed provoz, m\u00e1 pevnou ocelovou konstrukci a jednoduchou mont\u00e1\u017e na ze\u010f. \u2705 Vlastnosti: kapacita a\u017e 5 kolob\u011b\u017eek \u00faspora prostoru d\u00edky n\u00e1st\u011bnn\u00e9 mont\u00e1\u017ei pevn\u00e1 a stabiln\u00ed konstrukce vhodn\u00e9 pro interi\u00e9r i exteri\u00e9r dlouh\u00e1 [&hellip;]<\/p>\n","protected":false},"featured_media":1183,"comment_status":"open","ping_status":"closed","template":"","meta":[],"product_brand":[],"product_cat":[51],"product_tag":[],"class_list":{"0":"post-1182","1":"product","2":"type-product","3":"status-publish","4":"has-post-thumbnail","6":"product_cat-produkty-do-mesta","8":"first","9":"onbackorder","10":"taxable","11":"shipping-taxable","12":"purchasable","13":"product-type-simple"},"jetpack_sharing_enabled":true,"_links":{"self":[{"href":"https:\/\/zamecnictvifiala.cz\/eshop\/wp-json\/wp\/v2\/product\/1182","targetHints":{"allow":["GET"]}}],"collection":[{"href":"https:\/\/zamecnictvifiala.cz\/eshop\/wp-json\/wp\/v2\/product"}],"about":[{"href":"https:\/\/zamecnictvifiala.cz\/eshop\/wp-json\/wp\/v2\/types\/product"}],"replies":[{"embeddable":true,"href":"https:\/\/zamecnictvifiala.cz\/eshop\/wp-json\/wp\/v2\/comments?post=1182"}],"wp:featuredmedia":[{"embeddable":true,"href":"https:\/\/zamecnictvifiala.cz\/eshop\/wp-json\/wp\/v2\/media\/1183"}],"wp:attachment":[{"href":"https:\/\/zamecnictvifiala.cz\/eshop\/wp-json\/wp\/v2\/media?parent=1182"}],"wp:term":[{"taxonomy":"product_brand","embeddable":true,"href":"https:\/\/zamecnictvifiala.cz\/eshop\/wp-json\/wp\/v2\/product_brand?post=1182"},{"taxonomy":"product_cat","embeddable":true,"href":"https:\/\/zamecnictvifiala.cz\/eshop\/wp-json\/wp\/v2\/product_cat?post=1182"},{"taxonomy":"product_tag","embeddable":true,"href":"https:\/\/zamecnictvifiala.cz\/eshop\/wp-json\/wp\/v2\/product_tag?post=1182"}],"curies":[{"name":"wp","href":"https:\/\/api.w.org\/{rel}","templated":true}]}}