{"id":1443,"date":"2026-04-22T13:05:20","date_gmt":"2026-04-22T13:05:20","guid":{"rendered":"https:\/\/zamecnictvifiala.cz\/eshop\/?post_type=product&#038;p=1443"},"modified":"2026-04-22T13:06:47","modified_gmt":"2026-04-22T13:06:47","slug":"pranicko-narozeni-miminka-motiv-medvidek-ruzovy","status":"publish","type":"product","link":"https:\/\/zamecnictvifiala.cz\/eshop\/produkt\/pranicko-narozeni-miminka-motiv-medvidek-ruzovy\/","title":{"rendered":"P\u0159\u00e1n\u00ed\u010dko narozen\u00ed miminka motiv medv\u00eddek r\u016f\u017eov\u00fd"},"content":{"rendered":"<p data-start=\"84\" data-end=\"375\"><strong data-start=\"84\" data-end=\"131\">Ru\u010dn\u011b vyr\u00e1b\u011bn\u00e9 pap\u00edrov\u00e9 p\u0159\u00e1n\u00ed\u010dko &#8211; P\u0159\u00e1n\u00ed\u010dko narozen\u00ed miminka motiv medv\u00eddek r\u016f\u017eov\u00fd<\/strong><\/p>\n<p data-start=\"84\" data-end=\"375\">Elegantn\u00ed, pe\u010dliv\u011b ru\u010dn\u011b tvo\u0159en\u00e9 pap\u00edrov\u00e9 p\u0159\u00e1n\u00ed\u010dko. Ka\u017ed\u00fd kus je origin\u00e1l \u2013 \u017e\u00e1dn\u00e9 dva nejsou \u00fapln\u011b stejn\u00e9.<\/p>\n<p data-start=\"84\" data-end=\"375\">Uvnit\u0159 je pr\u00e1zdn\u00e9.<\/p>\n<p data-start=\"377\" data-end=\"556\"><strong data-start=\"377\" data-end=\"390\">Materi\u00e1l:<\/strong> kvalitn\u00ed pap\u00edr, ru\u010dn\u00ed zpracov\u00e1n\u00ed<\/p>\n<hr data-start=\"817\" data-end=\"820\" \/>\n<p data-start=\"822\" data-end=\"945\"><strong data-start=\"822\" data-end=\"885\">\ud83d\udce7 M\u00e1te specifick\u00e9 po\u017eadavky (jin\u00fd motiv, barvu, velikost)?<\/strong><br data-start=\"885\" data-end=\"888\" \/>Sta\u010d\u00ed napsat na: <strong data-start=\"905\" data-end=\"945\"><a class=\"decorated-link cursor-pointer\" rel=\"noopener\" data-start=\"907\" data-end=\"943\">zamecnictvifiala@zamecnictvifiala.cz<\/a><\/strong><\/p>\n<p data-start=\"947\" data-end=\"995\"><strong data-start=\"947\" data-end=\"978\">\ud83d\udcde Dotazy a rychl\u00e1 domluva:<\/strong> +420 604 881 251<\/p>\n","protected":false},"excerpt":{"rendered":"<p>Ru\u010dn\u011b vyr\u00e1b\u011bn\u00e9 pap\u00edrov\u00e9 p\u0159\u00e1n\u00ed\u010dko &#8211; P\u0159\u00e1n\u00ed\u010dko narozen\u00ed miminka motiv medv\u00eddek r\u016f\u017eov\u00fd Elegantn\u00ed, pe\u010dliv\u011b ru\u010dn\u011b tvo\u0159en\u00e9 pap\u00edrov\u00e9 p\u0159\u00e1n\u00ed\u010dko. Ka\u017ed\u00fd kus je origin\u00e1l \u2013 \u017e\u00e1dn\u00e9 dva nejsou \u00fapln\u011b stejn\u00e9. Uvnit\u0159 je pr\u00e1zdn\u00e9. Materi\u00e1l: kvalitn\u00ed pap\u00edr, ru\u010dn\u00ed zpracov\u00e1n\u00ed \ud83d\udce7 M\u00e1te specifick\u00e9 po\u017eadavky (jin\u00fd motiv, barvu, velikost)?Sta\u010d\u00ed napsat na: zamecnictvifiala@zamecnictvifiala.cz \ud83d\udcde Dotazy a rychl\u00e1 domluva: +420 604 881 251<\/p>\n","protected":false},"featured_media":1434,"comment_status":"open","ping_status":"closed","template":"","meta":[],"product_brand":[],"product_cat":[55],"product_tag":[],"class_list":{"0":"post-1443","1":"product","2":"type-product","3":"status-publish","4":"has-post-thumbnail","6":"product_cat-novorozene-pranicka","8":"first","9":"instock","10":"taxable","11":"shipping-taxable","12":"purchasable","13":"product-type-simple"},"jetpack_sharing_enabled":true,"_links":{"self":[{"href":"https:\/\/zamecnictvifiala.cz\/eshop\/wp-json\/wp\/v2\/product\/1443","targetHints":{"allow":["GET"]}}],"collection":[{"href":"https:\/\/zamecnictvifiala.cz\/eshop\/wp-json\/wp\/v2\/product"}],"about":[{"href":"https:\/\/zamecnictvifiala.cz\/eshop\/wp-json\/wp\/v2\/types\/product"}],"replies":[{"embeddable":true,"href":"https:\/\/zamecnictvifiala.cz\/eshop\/wp-json\/wp\/v2\/comments?post=1443"}],"wp:featuredmedia":[{"embeddable":true,"href":"https:\/\/zamecnictvifiala.cz\/eshop\/wp-json\/wp\/v2\/media\/1434"}],"wp:attachment":[{"href":"https:\/\/zamecnictvifiala.cz\/eshop\/wp-json\/wp\/v2\/media?parent=1443"}],"wp:term":[{"taxonomy":"product_brand","embeddable":true,"href":"https:\/\/zamecnictvifiala.cz\/eshop\/wp-json\/wp\/v2\/product_brand?post=1443"},{"taxonomy":"product_cat","embeddable":true,"href":"https:\/\/zamecnictvifiala.cz\/eshop\/wp-json\/wp\/v2\/product_cat?post=1443"},{"taxonomy":"product_tag","embeddable":true,"href":"https:\/\/zamecnictvifiala.cz\/eshop\/wp-json\/wp\/v2\/product_tag?post=1443"}],"curies":[{"name":"wp","href":"https:\/\/api.w.org\/{rel}","templated":true}]}}