{"id":1452,"date":"2026-04-24T07:33:55","date_gmt":"2026-04-24T07:33:55","guid":{"rendered":"https:\/\/zamecnictvifiala.cz\/eshop\/?post_type=product&#038;p=1452"},"modified":"2026-04-24T08:03:45","modified_gmt":"2026-04-24T08:03:45","slug":"domovni-cislo-s-ohybem-90-kopirovat","status":"publish","type":"product","link":"https:\/\/zamecnictvifiala.cz\/eshop\/produkt\/domovni-cislo-s-ohybem-90-kopirovat\/","title":{"rendered":"Domovn\u00ed \u010d\u00edslo z cortenov\u00e9 oceli"},"content":{"rendered":"<h2 data-start=\"53\" data-end=\"79\">\ud83c\udfe0 Domovn\u00ed \u010d\u00edslo<\/h2>\n<p data-start=\"81\" data-end=\"304\">Kvalitn\u00ed kovov\u00e9 domovn\u00ed \u010d\u00edslo je elegantn\u00ed a trvanliv\u00e9 \u0159e\u0161en\u00ed pro ozna\u010den\u00ed rodinn\u00fdch dom\u016f, bytov\u00fdch objekt\u016f i firemn\u00edch budov. Modern\u00ed design a precizn\u00ed zpracov\u00e1n\u00ed zaji\u0161\u0165uj\u00ed dobrou \u010ditelnost i dlouhou \u017eivotnost v exteri\u00e9ru.<\/p>\n<p data-start=\"306\" data-end=\"411\">Domovn\u00ed \u010d\u00edslo je vyrobeno z pevn\u00e9ho kovov\u00e9ho materi\u00e1lu a je vhodn\u00e9 pro mont\u00e1\u017e na fas\u00e1du, plot nebo br\u00e1nu.<\/p>\n<hr data-start=\"413\" data-end=\"416\" \/>\n<h3 data-start=\"418\" data-end=\"435\">\u2705 Vlastnosti:<\/h3>\n<ul data-start=\"436\" data-end=\"570\">\n<li data-start=\"436\" data-end=\"481\">\n<p data-start=\"438\" data-end=\"481\">vysok\u00e1 odolnost v\u016f\u010di pov\u011btrnostn\u00edm vliv\u016fm<\/p>\n<\/li>\n<li data-start=\"482\" data-end=\"512\">snadn\u00e1 mont\u00e1\u017e<\/li>\n<li data-start=\"531\" data-end=\"551\">\n<p data-start=\"533\" data-end=\"551\">dlouh\u00e1 \u017eivotnost<\/p>\n<\/li>\n<li data-start=\"552\" data-end=\"570\">\n<p data-start=\"554\" data-end=\"570\">modern\u00ed vzhled<\/p>\n<\/li>\n<\/ul>\n<hr data-start=\"572\" data-end=\"575\" \/>\n<h3 data-start=\"577\" data-end=\"605\">\ud83d\udee0 Materi\u00e1l a proveden\u00ed:<\/h3>\n<ul data-start=\"606\" data-end=\"738\">\n<li data-start=\"606\" data-end=\"637\">\n<p data-start=\"608\" data-end=\"637\">cor-ten<\/p>\n<\/li>\n<\/ul>\n<hr data-start=\"740\" data-end=\"743\" \/>\n<h3 data-start=\"745\" data-end=\"771\">\ud83d\udcd0 Mo\u017enosti proveden\u00ed:<\/h3>\n<ul data-start=\"772\" data-end=\"879\">\n<li data-start=\"853\" data-end=\"879\">\n<p data-start=\"855\" data-end=\"879\">mo\u017enost v\u00fdroby na m\u00edru<\/p>\n<\/li>\n<\/ul>\n<p data-start=\"881\" data-end=\"983\">Domovn\u00ed \u010d\u00edslo je vhodn\u00e9 pro venkovn\u00ed pou\u017eit\u00ed a lze jej p\u0159izp\u016fsobit individu\u00e1ln\u00edm po\u017eadavk\u016fm z\u00e1kazn\u00edka. V\u00fdroba do 3 t\u00fddn\u016f.<\/p>\n<p data-start=\"881\" data-end=\"983\">\n<p data-start=\"864\" data-end=\"1027\"><img decoding=\"async\" class=\"emoji\" role=\"img\" draggable=\"false\" src=\"https:\/\/s.w.org\/images\/core\/emoji\/17.0.2\/svg\/1f4e7.svg\" alt=\"\ud83d\udce7\" \/>\u00a0<strong data-start=\"867\" data-end=\"915\">Pot\u0159ebujete jin\u00fd rozm\u011br, tvar nebo uchycen\u00ed?<\/strong><br data-start=\"915\" data-end=\"918\" \/>Kontaktujte n\u00e1s na\u00a0<strong data-start=\"937\" data-end=\"977\"><a class=\"decorated-link cursor-pointer\" rel=\"noopener\" data-start=\"939\" data-end=\"975\">zamecnictvifiala@zamecnictvifiala.cz<\/a><\/strong><br data-start=\"977\" data-end=\"980\" \/>\u2014 vyrob\u00edme dr\u017e\u00e1k p\u0159esn\u011b podle va\u0161ich po\u017eadavk\u016f.<\/p>\n<p data-start=\"1029\" data-end=\"1085\"><img decoding=\"async\" class=\"emoji\" role=\"img\" draggable=\"false\" src=\"https:\/\/s.w.org\/images\/core\/emoji\/17.0.2\/svg\/1f4de.svg\" alt=\"\ud83d\udcde\" \/>\u00a0<strong data-start=\"1032\" data-end=\"1066\">Technick\u00e9 dotazy a konzultace:<\/strong>\u00a0+420 604 881 251<\/p>\n","protected":false},"excerpt":{"rendered":"<p>\ud83c\udfe0 Domovn\u00ed \u010d\u00edslo Kvalitn\u00ed kovov\u00e9 domovn\u00ed \u010d\u00edslo je elegantn\u00ed a trvanliv\u00e9 \u0159e\u0161en\u00ed pro ozna\u010den\u00ed rodinn\u00fdch dom\u016f, bytov\u00fdch objekt\u016f i firemn\u00edch budov. Modern\u00ed design a precizn\u00ed zpracov\u00e1n\u00ed zaji\u0161\u0165uj\u00ed dobrou \u010ditelnost i dlouhou \u017eivotnost v exteri\u00e9ru. Domovn\u00ed \u010d\u00edslo je vyrobeno z pevn\u00e9ho kovov\u00e9ho materi\u00e1lu a je vhodn\u00e9 pro mont\u00e1\u017e na fas\u00e1du, plot nebo br\u00e1nu. \u2705 Vlastnosti: vysok\u00e1 [&hellip;]<\/p>\n","protected":false},"featured_media":1455,"comment_status":"open","ping_status":"closed","template":"","meta":[],"product_brand":[],"product_cat":[24],"product_tag":[],"class_list":{"0":"post-1452","1":"product","2":"type-product","3":"status-publish","4":"has-post-thumbnail","6":"product_cat-ocelove-prvky","7":"product_shipping_class-zasilkovna","9":"first","10":"onbackorder","11":"taxable","12":"shipping-taxable","13":"purchasable","14":"product-type-simple"},"jetpack_sharing_enabled":true,"_links":{"self":[{"href":"https:\/\/zamecnictvifiala.cz\/eshop\/wp-json\/wp\/v2\/product\/1452","targetHints":{"allow":["GET"]}}],"collection":[{"href":"https:\/\/zamecnictvifiala.cz\/eshop\/wp-json\/wp\/v2\/product"}],"about":[{"href":"https:\/\/zamecnictvifiala.cz\/eshop\/wp-json\/wp\/v2\/types\/product"}],"replies":[{"embeddable":true,"href":"https:\/\/zamecnictvifiala.cz\/eshop\/wp-json\/wp\/v2\/comments?post=1452"}],"wp:featuredmedia":[{"embeddable":true,"href":"https:\/\/zamecnictvifiala.cz\/eshop\/wp-json\/wp\/v2\/media\/1455"}],"wp:attachment":[{"href":"https:\/\/zamecnictvifiala.cz\/eshop\/wp-json\/wp\/v2\/media?parent=1452"}],"wp:term":[{"taxonomy":"product_brand","embeddable":true,"href":"https:\/\/zamecnictvifiala.cz\/eshop\/wp-json\/wp\/v2\/product_brand?post=1452"},{"taxonomy":"product_cat","embeddable":true,"href":"https:\/\/zamecnictvifiala.cz\/eshop\/wp-json\/wp\/v2\/product_cat?post=1452"},{"taxonomy":"product_tag","embeddable":true,"href":"https:\/\/zamecnictvifiala.cz\/eshop\/wp-json\/wp\/v2\/product_tag?post=1452"}],"curies":[{"name":"wp","href":"https:\/\/api.w.org\/{rel}","templated":true}]}}