{"id":343,"date":"2025-08-25T08:55:39","date_gmt":"2025-08-25T08:55:39","guid":{"rendered":"https:\/\/zamecnictvifiala.cz\/eshop\/?post_type=product&#038;p=343"},"modified":"2026-01-05T10:06:36","modified_gmt":"2026-01-05T10:06:36","slug":"kovany-drzak-kvetinace","status":"publish","type":"product","link":"https:\/\/zamecnictvifiala.cz\/eshop\/produkt\/kovany-drzak-kvetinace\/","title":{"rendered":"Kovan\u00fd dr\u017e\u00e1k kv\u011btin\u00e1\u010de"},"content":{"rendered":"<p data-start=\"120\" data-end=\"357\">Dodejte sv\u00fdm kv\u011btin\u00e1m stylov\u00fd a pevn\u00fd domov. Tento <strong data-start=\"171\" data-end=\"203\">ru\u010dn\u011b kovan\u00fd dr\u017e\u00e1k kv\u011btin\u00e1\u010de<\/strong> je vyroben z kvalitn\u00ed oceli, kter\u00e1 zaru\u010duje dlouhou \u017eivotnost a vysokou nosnost. Ka\u017ed\u00fd kus je origin\u00e1l s jedine\u010dnou strukturou a precizn\u00edm zpracov\u00e1n\u00edm.<\/p>\n<p data-start=\"359\" data-end=\"543\">\u2705 Vhodn\u00fd pro vnit\u0159n\u00ed i venkovn\u00ed pou\u017eit\u00ed<br data-start=\"398\" data-end=\"401\" \/>\u2705 Odoln\u00fd v\u016f\u010di pov\u011btrnostn\u00edm vliv\u016fm<br data-start=\"435\" data-end=\"438\" \/>\u2705 Tradi\u010dn\u00ed kov\u00e1\u0159sk\u00e1 pr\u00e1ce \u2013 poctiv\u00fd \u010desk\u00fd v\u00fdrobek<br data-start=\"487\" data-end=\"490\" \/>\u2705 Ide\u00e1ln\u00ed na terasu, balkon, zahradu i do interi\u00e9ru<\/p>\n<p data-start=\"359\" data-end=\"543\">___________________________________________________________________________________________________________________________________<\/p>\n<p data-start=\"359\" data-end=\"543\">\ud83d\udce9\u00a0V p\u0159\u00edpad\u011b jak\u00fdchkoliv nejasnost\u00ed n\u00e1s nev\u00e1hejte kontaktovat:<br data-start=\"274\" data-end=\"277\" \/>\u2709\ufe0f\u00a0<strong data-start=\"280\" data-end=\"291\">E-mail:<\/strong>\u00a0\u00a0<a href=\"mailto:zamecnictvifiala@zamecnictvifiala.cz\" target=\"_blank\" rel=\"noopener\">zamecnictvifiala@zamecnictvifiala.cz<\/a><br data-start=\"328\" data-end=\"331\" \/>\ud83d\udcde\u00a0<strong data-start=\"334\" data-end=\"346\" data-is-only-node=\"\">Telefon:<\/strong>\u00a0<a href=\"tel:+420%20604%20881%20251\" target=\"_blank\" rel=\"noopener\">+420 604 881 251<\/a><\/p>\n","protected":false},"excerpt":{"rendered":"<p>Dodejte sv\u00fdm kv\u011btin\u00e1m stylov\u00fd a pevn\u00fd domov. Tento ru\u010dn\u011b kovan\u00fd dr\u017e\u00e1k kv\u011btin\u00e1\u010de je vyroben z kvalitn\u00ed oceli, kter\u00e1 zaru\u010duje dlouhou \u017eivotnost a vysokou nosnost. Ka\u017ed\u00fd kus je origin\u00e1l s jedine\u010dnou strukturou a precizn\u00edm zpracov\u00e1n\u00edm. \u2705 Vhodn\u00fd pro vnit\u0159n\u00ed i venkovn\u00ed pou\u017eit\u00ed\u2705 Odoln\u00fd v\u016f\u010di pov\u011btrnostn\u00edm vliv\u016fm\u2705 Tradi\u010dn\u00ed kov\u00e1\u0159sk\u00e1 pr\u00e1ce \u2013 poctiv\u00fd \u010desk\u00fd v\u00fdrobek\u2705 Ide\u00e1ln\u00ed na terasu, [&hellip;]<\/p>\n","protected":false},"featured_media":1003,"comment_status":"open","ping_status":"closed","template":"","meta":[],"product_brand":[],"product_cat":[39],"product_tag":[],"class_list":{"0":"post-343","1":"product","2":"type-product","3":"status-publish","4":"has-post-thumbnail","6":"product_cat-stavebni-zamecnictvi","8":"first","9":"onbackorder","10":"taxable","11":"shipping-taxable","12":"purchasable","13":"product-type-variable"},"jetpack_sharing_enabled":true,"_links":{"self":[{"href":"https:\/\/zamecnictvifiala.cz\/eshop\/wp-json\/wp\/v2\/product\/343","targetHints":{"allow":["GET"]}}],"collection":[{"href":"https:\/\/zamecnictvifiala.cz\/eshop\/wp-json\/wp\/v2\/product"}],"about":[{"href":"https:\/\/zamecnictvifiala.cz\/eshop\/wp-json\/wp\/v2\/types\/product"}],"replies":[{"embeddable":true,"href":"https:\/\/zamecnictvifiala.cz\/eshop\/wp-json\/wp\/v2\/comments?post=343"}],"wp:featuredmedia":[{"embeddable":true,"href":"https:\/\/zamecnictvifiala.cz\/eshop\/wp-json\/wp\/v2\/media\/1003"}],"wp:attachment":[{"href":"https:\/\/zamecnictvifiala.cz\/eshop\/wp-json\/wp\/v2\/media?parent=343"}],"wp:term":[{"taxonomy":"product_brand","embeddable":true,"href":"https:\/\/zamecnictvifiala.cz\/eshop\/wp-json\/wp\/v2\/product_brand?post=343"},{"taxonomy":"product_cat","embeddable":true,"href":"https:\/\/zamecnictvifiala.cz\/eshop\/wp-json\/wp\/v2\/product_cat?post=343"},{"taxonomy":"product_tag","embeddable":true,"href":"https:\/\/zamecnictvifiala.cz\/eshop\/wp-json\/wp\/v2\/product_tag?post=343"}],"curies":[{"name":"wp","href":"https:\/\/api.w.org\/{rel}","templated":true}]}}