{"id":370,"date":"2025-09-09T09:47:43","date_gmt":"2025-09-09T09:47:43","guid":{"rendered":"https:\/\/zamecnictvifiala.cz\/eshop\/?post_type=product&#038;p=370"},"modified":"2026-03-06T08:24:06","modified_gmt":"2026-03-06T08:24:06","slug":"bezpecnostni-kovova-mriz","status":"publish","type":"product","link":"https:\/\/zamecnictvifiala.cz\/eshop\/produkt\/bezpecnostni-kovova-mriz\/","title":{"rendered":"Bezpe\u010dnostn\u00ed kovov\u00e1 m\u0159\u00ed\u017e"},"content":{"rendered":"<p>\ud83d\udd39 Rozm\u011bry dle Va\u0161eho zad\u00e1n\u00ed (cena plat\u00ed pro velikost m\u0159\u00ed\u017ee 2100mm x 1500mm)<\/p>\n<p>\ud83d\udd39 <strong data-start=\"65\" data-end=\"73\">R\u00e1m:<\/strong> JAKL\u00a0 35 \u00d7 35 mm + z\u00e1rube\u0148<br data-start=\"115\" data-end=\"118\" \/>\ud83d\udd39 <strong data-start=\"121\" data-end=\"131\">V\u00fdpl\u0148:<\/strong> \u010ctyhran 12 x 12 mm<br data-start=\"147\" data-end=\"150\" data-is-only-node=\"\" \/>\ud83d\udd39 <strong data-start=\"153\" data-end=\"163\">Panty:<\/strong> nava\u0159ovac\u00ed<br data-start=\"174\" data-end=\"177\" \/>\ud83d\udd39 <strong data-start=\"180\" data-end=\"198\">Pouzdro z\u00e1mku:<\/strong> nava\u0159ovac\u00ed<br data-start=\"209\" data-end=\"212\" \/>\ud83d\udd39 <strong data-start=\"215\" data-end=\"225\">Z\u00e1mek:<\/strong> t\u0159\u00edbodov\u00fd\u00a0<br data-start=\"255\" data-end=\"258\" \/>\ud83d\udd39 <strong data-start=\"261\" data-end=\"272\">Vlo\u017eka:<\/strong> standardn\u00ed \u2013 p\u016flvlo\u017eka zapu\u0161t\u011bn\u00e1<br data-start=\"305\" data-end=\"308\" \/>\ud83d\udd39 <strong data-start=\"311\" data-end=\"322\">Krytka:<\/strong> nava\u0159ovac\u00ed proti zlomen\u00ed vlo\u017eky<br data-start=\"354\" data-end=\"357\" \/>\ud83d\udd39 <strong data-start=\"360\" data-end=\"379\">Ochrann\u00e1 li\u0161ta:<\/strong> proti vyp\u00e1\u010den\u00ed<br data-start=\"394\" data-end=\"397\" \/>\ud83c\udfa8 <strong data-start=\"400\" data-end=\"421\">Povrchov\u00e1 \u00faprava:<\/strong> barva dle vzorn\u00edku RAL nebo odst\u00ednu na p\u0159\u00e1n\u00ed (nebo nap\u0159. pozink, komaxit)<\/p>\n<p>\u2728 <strong data-start=\"803\" data-end=\"814\">V\u00fdhody:<\/strong><br data-start=\"814\" data-end=\"817\" \/>\u2714 vysok\u00e1 odolnost proti n\u00e1siln\u00e9mu vniknut\u00ed<br data-start=\"905\" data-end=\"908\" \/>\u2714 mo\u017enost volby barevn\u00e9ho proveden\u00ed p\u0159esn\u011b podle va\u0161eho projektu<\/p>\n<p>\ud83d\udccf\u00a0<strong data-start=\"1375\" data-end=\"1395\">Rozm\u011bry<\/strong>\u2013 p\u0159i objedn\u00e1vce uve\u010fte po\u017eadovan\u00fd rozm\u011br<\/p>\n<p>___________________________________________________________________________________________________________________________________<\/p>\n<p>\ud83d\udce9 V p\u0159\u00edpad\u011b jak\u00fdchkoliv nejasnost\u00ed n\u00e1s nev\u00e1hejte kontaktovat:<br data-start=\"274\" data-end=\"277\" \/>\u2709\ufe0f <strong data-start=\"280\" data-end=\"291\">E-mail:<\/strong> <span style=\"color: #000000;\">\u00a0<\/span><span style=\"color: #e02813;\"><a href=\"mailto:zamecnictvifiala@zamecnictvifiala.cz\" target=\"_blank\" rel=\"noopener\">zamecnictvifiala@zamecnictvifiala.cz<\/a><\/span><br data-start=\"328\" data-end=\"331\" \/>\ud83d\udcde <strong data-start=\"334\" data-end=\"346\" data-is-only-node=\"\">Telefon:<\/strong> <a href=\"tel:+420%20604%20881%20251\" target=\"_blank\" rel=\"noopener\">+420 604 881 251<\/a><\/p>\n","protected":false},"excerpt":{"rendered":"<p>\ud83d\udd39 Rozm\u011bry dle Va\u0161eho zad\u00e1n\u00ed (cena plat\u00ed pro velikost m\u0159\u00ed\u017ee 2100mm x 1500mm) \ud83d\udd39 R\u00e1m: JAKL\u00a0 35 \u00d7 35 mm + z\u00e1rube\u0148\ud83d\udd39 V\u00fdpl\u0148: \u010ctyhran 12 x 12 mm\ud83d\udd39 Panty: nava\u0159ovac\u00ed\ud83d\udd39 Pouzdro z\u00e1mku: nava\u0159ovac\u00ed\ud83d\udd39 Z\u00e1mek: t\u0159\u00edbodov\u00fd\u00a0\ud83d\udd39 Vlo\u017eka: standardn\u00ed \u2013 p\u016flvlo\u017eka zapu\u0161t\u011bn\u00e1\ud83d\udd39 Krytka: nava\u0159ovac\u00ed proti zlomen\u00ed vlo\u017eky\ud83d\udd39 Ochrann\u00e1 li\u0161ta: proti vyp\u00e1\u010den\u00ed\ud83c\udfa8 Povrchov\u00e1 \u00faprava: barva dle vzorn\u00edku RAL [&hellip;]<\/p>\n","protected":false},"featured_media":1008,"comment_status":"open","ping_status":"closed","template":"","meta":[],"product_brand":[],"product_cat":[39],"product_tag":[],"class_list":{"0":"post-370","1":"product","2":"type-product","3":"status-publish","4":"has-post-thumbnail","6":"product_cat-stavebni-zamecnictvi","8":"first","9":"onbackorder","10":"taxable","11":"shipping-taxable","12":"purchasable","13":"product-type-simple"},"jetpack_sharing_enabled":true,"_links":{"self":[{"href":"https:\/\/zamecnictvifiala.cz\/eshop\/wp-json\/wp\/v2\/product\/370","targetHints":{"allow":["GET"]}}],"collection":[{"href":"https:\/\/zamecnictvifiala.cz\/eshop\/wp-json\/wp\/v2\/product"}],"about":[{"href":"https:\/\/zamecnictvifiala.cz\/eshop\/wp-json\/wp\/v2\/types\/product"}],"replies":[{"embeddable":true,"href":"https:\/\/zamecnictvifiala.cz\/eshop\/wp-json\/wp\/v2\/comments?post=370"}],"wp:featuredmedia":[{"embeddable":true,"href":"https:\/\/zamecnictvifiala.cz\/eshop\/wp-json\/wp\/v2\/media\/1008"}],"wp:attachment":[{"href":"https:\/\/zamecnictvifiala.cz\/eshop\/wp-json\/wp\/v2\/media?parent=370"}],"wp:term":[{"taxonomy":"product_brand","embeddable":true,"href":"https:\/\/zamecnictvifiala.cz\/eshop\/wp-json\/wp\/v2\/product_brand?post=370"},{"taxonomy":"product_cat","embeddable":true,"href":"https:\/\/zamecnictvifiala.cz\/eshop\/wp-json\/wp\/v2\/product_cat?post=370"},{"taxonomy":"product_tag","embeddable":true,"href":"https:\/\/zamecnictvifiala.cz\/eshop\/wp-json\/wp\/v2\/product_tag?post=370"}],"curies":[{"name":"wp","href":"https:\/\/api.w.org\/{rel}","templated":true}]}}