{"id":374,"date":"2025-09-09T11:26:33","date_gmt":"2025-09-09T11:26:33","guid":{"rendered":"https:\/\/zamecnictvifiala.cz\/eshop\/?post_type=product&#038;p=374"},"modified":"2026-01-05T10:06:37","modified_gmt":"2026-01-05T10:06:37","slug":"vstupni-branka","status":"publish","type":"product","link":"https:\/\/zamecnictvifiala.cz\/eshop\/produkt\/vstupni-branka\/","title":{"rendered":"Vstupn\u00ed branka"},"content":{"rendered":"<p data-start=\"134\" data-end=\"198\">\ud83d\udeaa <strong data-start=\"137\" data-end=\"196\">Jednok\u0159\u00eddl\u00e1 vstupn\u00ed branka \u2013 robustn\u00ed a p\u0159izp\u016fsobiteln\u00e1<\/strong><\/p>\n<p data-start=\"200\" data-end=\"945\">\ud83d\udd39 <strong data-start=\"203\" data-end=\"211\">R\u00e1m:<\/strong> jekl 50 x 50 mm<br data-start=\"284\" data-end=\"287\" \/>\ud83d\udd39 <strong data-start=\"290\" data-end=\"300\">V\u00fdpl\u0148:<\/strong> svisl\u00e9 d\u0159ev\u011bn\u00e9 desky dle va\u0161\u00ed volby, mo\u017enost bez v\u00fdpln\u011b\u00a0<br data-start=\"496\" data-end=\"499\" \/>\ud83c\udfa8 <strong data-start=\"881\" data-end=\"902\">Povrchov\u00e1 \u00faprava:<\/strong> \u017e\u00e1rov\u00fd zinek nebo barva dle vzorn\u00edku RAL<\/p>\n<hr data-start=\"947\" data-end=\"950\" \/>\n<p data-start=\"952\" data-end=\"1061\">\ud83d\udee0 <strong data-start=\"955\" data-end=\"975\">Sou\u010d\u00e1st\u00ed branky:<\/strong><br data-start=\"975\" data-end=\"978\" \/>\u2714 staviteln\u00e9 kloubov\u00e9 z\u00e1v\u011bsy<br data-start=\"1006\" data-end=\"1009\" \/>\u2714 bo\u010dn\u00ed doraz<br data-start=\"1022\" data-end=\"1025\" \/>\u2714 z\u00e1mek s vlo\u017ekou FAB (bez kov\u00e1n\u00ed)<\/p>\n<p data-start=\"952\" data-end=\"1061\">\u274c <strong data-start=\"1065\" data-end=\"1085\">Cena nezahrnuje:<\/strong><br data-start=\"1077\" data-end=\"1080\" \/>\u2716 sloupky<\/p>\n<p data-start=\"952\" data-end=\"1061\">\u2728 <strong data-start=\"1157\" data-end=\"1168\">V\u00fdhody:<\/strong><br data-start=\"1168\" data-end=\"1171\" \/>\u2714 modern\u00ed a robustn\u00ed vzhled<br data-start=\"1198\" data-end=\"1201\" \/>\u2714 mo\u017enost zak\u00e1zkov\u00fdch \u00faprav (rozm\u011bry, orientace L\/P, typ v\u00fdpln\u011b)<br data-start=\"1265\" data-end=\"1268\" \/>\u2714 vysok\u00e1 odolnost a dlouh\u00e1 \u017eivotnost d\u00edky kvalitn\u00ed konstrukci<\/p>\n<p data-start=\"1333\" data-end=\"1498\">\u23f3 <strong data-start=\"1335\" data-end=\"1346\">V\u00fdroba:<\/strong> 2\u20136 t\u00fddn\u016f od objedn\u00e1n\u00ed<br data-start=\"1369\" data-end=\"1372\" \/>\ud83d\udccf <strong data-start=\"1375\" data-end=\"1395\">Rozm\u011bry v n\u00e1zvu:<\/strong> orienta\u010dn\u00ed \u2013 p\u0159i objedn\u00e1vce uve\u010fte \u010dist\u00fd rozm\u011br otvoru (v neju\u017e\u0161\u00edm m\u00edst\u011b) a po\u017eadovanou v\u00fd\u0161ku branky<\/p>\n<hr data-start=\"1500\" data-end=\"1503\" \/>\n<p data-start=\"1505\" data-end=\"1624\">\ud83d\udc49 Tato cena plat\u00ed pro branky do \u0161\u00ed\u0159ky <strong data-start=\"1544\" data-end=\"1554\">120 cm<\/strong> a v\u00fd\u0161ky <strong data-start=\"1563\" data-end=\"1577\">100\u2013140 cm<\/strong><\/p>\n<p data-start=\"1505\" data-end=\"1624\">\ud83d\udce9 V p\u0159\u00edpad\u011b jak\u00fdchkoliv nejasnost\u00ed n\u00e1s nev\u00e1hejte kontaktovat:<br data-start=\"274\" data-end=\"277\" \/>\u2709\ufe0f <strong data-start=\"280\" data-end=\"291\">E-mail:<\/strong> <span style=\"color: #000000;\">\u00a0<\/span><span style=\"color: #e02813;\"><a href=\"mailto:zamecnictvifiala@zamecnictvifiala.cz\" target=\"_blank\" rel=\"noopener\">zamecnictvifiala@zamecnictvifiala.cz<\/a><\/span><br data-start=\"328\" data-end=\"331\" \/>\ud83d\udcde <strong data-start=\"334\" data-end=\"346\" data-is-only-node=\"\">Telefon:<\/strong> <a href=\"tel:+420%20604%20881%20251\" target=\"_blank\" rel=\"noopener\">+420 604 881 251<\/a><\/p>\n","protected":false},"excerpt":{"rendered":"<p>\ud83d\udeaa Jednok\u0159\u00eddl\u00e1 vstupn\u00ed branka \u2013 robustn\u00ed a p\u0159izp\u016fsobiteln\u00e1 \ud83d\udd39 R\u00e1m: jekl 50 x 50 mm\ud83d\udd39 V\u00fdpl\u0148: svisl\u00e9 d\u0159ev\u011bn\u00e9 desky dle va\u0161\u00ed volby, mo\u017enost bez v\u00fdpln\u011b\u00a0\ud83c\udfa8 Povrchov\u00e1 \u00faprava: \u017e\u00e1rov\u00fd zinek nebo barva dle vzorn\u00edku RAL \ud83d\udee0 Sou\u010d\u00e1st\u00ed branky:\u2714 staviteln\u00e9 kloubov\u00e9 z\u00e1v\u011bsy\u2714 bo\u010dn\u00ed doraz\u2714 z\u00e1mek s vlo\u017ekou FAB (bez kov\u00e1n\u00ed) \u274c Cena nezahrnuje:\u2716 sloupky \u2728 V\u00fdhody:\u2714 modern\u00ed [&hellip;]<\/p>\n","protected":false},"featured_media":1009,"comment_status":"open","ping_status":"closed","template":"","meta":[],"product_brand":[],"product_cat":[39],"product_tag":[],"class_list":{"0":"post-374","1":"product","2":"type-product","3":"status-publish","4":"has-post-thumbnail","6":"product_cat-stavebni-zamecnictvi","8":"first","9":"onbackorder","10":"taxable","11":"shipping-taxable","12":"purchasable","13":"product-type-variable"},"jetpack_sharing_enabled":true,"_links":{"self":[{"href":"https:\/\/zamecnictvifiala.cz\/eshop\/wp-json\/wp\/v2\/product\/374","targetHints":{"allow":["GET"]}}],"collection":[{"href":"https:\/\/zamecnictvifiala.cz\/eshop\/wp-json\/wp\/v2\/product"}],"about":[{"href":"https:\/\/zamecnictvifiala.cz\/eshop\/wp-json\/wp\/v2\/types\/product"}],"replies":[{"embeddable":true,"href":"https:\/\/zamecnictvifiala.cz\/eshop\/wp-json\/wp\/v2\/comments?post=374"}],"wp:featuredmedia":[{"embeddable":true,"href":"https:\/\/zamecnictvifiala.cz\/eshop\/wp-json\/wp\/v2\/media\/1009"}],"wp:attachment":[{"href":"https:\/\/zamecnictvifiala.cz\/eshop\/wp-json\/wp\/v2\/media?parent=374"}],"wp:term":[{"taxonomy":"product_brand","embeddable":true,"href":"https:\/\/zamecnictvifiala.cz\/eshop\/wp-json\/wp\/v2\/product_brand?post=374"},{"taxonomy":"product_cat","embeddable":true,"href":"https:\/\/zamecnictvifiala.cz\/eshop\/wp-json\/wp\/v2\/product_cat?post=374"},{"taxonomy":"product_tag","embeddable":true,"href":"https:\/\/zamecnictvifiala.cz\/eshop\/wp-json\/wp\/v2\/product_tag?post=374"}],"curies":[{"name":"wp","href":"https:\/\/api.w.org\/{rel}","templated":true}]}}