{"id":385,"date":"2025-09-17T09:03:54","date_gmt":"2025-09-17T09:03:54","guid":{"rendered":"https:\/\/zamecnictvifiala.cz\/eshop\/?post_type=product&#038;p=385"},"modified":"2026-01-05T10:06:37","modified_gmt":"2026-01-05T10:06:37","slug":"vstupni-branka-jednokridla","status":"publish","type":"product","link":"https:\/\/zamecnictvifiala.cz\/eshop\/produkt\/vstupni-branka-jednokridla\/","title":{"rendered":"Vstupn\u00ed branka jednok\u0159\u00eddl\u00e1"},"content":{"rendered":"<h2 data-start=\"127\" data-end=\"150\">\ud83d\udccb Z\u00e1kladn\u00ed popis:<\/h2>\n<p data-start=\"151\" data-end=\"801\">\u27a1\ufe0f <strong data-start=\"154\" data-end=\"178\">\u0160\u00ed\u0159ka branky 1000 mm<\/strong> = ur\u010dena pro prostor mezi sloupky <strong data-start=\"213\" data-end=\"230\">990 \u2013 1040 mm<\/strong><br data-start=\"310\" data-end=\"313\" \/>\u27a1\ufe0f <strong data-start=\"316\" data-end=\"325\">V\u00fd\u0161ka<\/strong> = 1800mm<br data-start=\"405\" data-end=\"408\" \/>\u27a1\ufe0f <strong data-start=\"411\" data-end=\"418\">R\u00e1m<\/strong> z ocelov\u00fdch profil\u016f <strong data-start=\"439\" data-end=\"466\">40 \u00d7 40 mm a 20 \u00d7 20 mm a svisl\u00e9 ty\u010de &#8211; \u010dty\u0159hran 12\u00a0 x 12 mm<\/strong><br data-start=\"466\" data-end=\"469\" \/>\u27a1\ufe0f \u0160irok\u00fd <strong data-start=\"479\" data-end=\"497\">z\u00e1mkov\u00fd profil<\/strong> = mo\u017enost mont\u00e1\u017ee klasick\u00e9 kliky<br data-start=\"648\" data-end=\"651\" \/>\u27a1\ufe0f Rozte\u010d klika\u2013vlo\u017eenka = <strong data-start=\"678\" data-end=\"687\">90 mm<\/strong><br data-start=\"687\" data-end=\"690\" \/>\u27a1\ufe0f <strong data-start=\"693\" data-end=\"712\">\u0160telovac\u00ed panty<\/strong> s masivn\u00ed deskou = snadn\u00e1 mont\u00e1\u017e<br data-start=\"745\" data-end=\"748\" \/>\u27a1\ufe0f Po v\u00fdrob\u011b <strong data-start=\"761\" data-end=\"781\">\u017e\u00e1rov\u011b zinkov\u00e1no<\/strong> = vysok\u00e1 odolnost<\/p>\n<hr data-start=\"803\" data-end=\"806\" \/>\n<h2 data-start=\"808\" data-end=\"829\">\ud83d\udce6 Obsah balen\u00ed:<\/h2>\n<ul data-start=\"830\" data-end=\"1034\">\n<li data-start=\"830\" data-end=\"866\">\n<p data-start=\"832\" data-end=\"866\">\ud83d\udfe9 R\u00e1m vstupn\u00ed branky \u2013 <strong data-start=\"856\" data-end=\"864\">1 ks<\/strong><\/p>\n<\/li>\n<li data-start=\"867\" data-end=\"918\">\n<p data-start=\"869\" data-end=\"918\">\ud83d\udfe9 \u0160telovac\u00ed panty s mont\u00e1\u017en\u00ed deskou \u2013 <strong data-start=\"908\" data-end=\"916\">2 ks<\/strong><\/p>\n<\/li>\n<li data-start=\"919\" data-end=\"960\">\n<p data-start=\"921\" data-end=\"960\">\ud83d\udfe9 Z\u00e1mek-\u00a0 <strong data-start=\"950\" data-end=\"958\">1 ks<\/strong><\/p>\n<\/li>\n<li data-start=\"961\" data-end=\"997\">\n<p data-start=\"963\" data-end=\"997\">\ud83d\udfe9 Protikus z\u00e1mku \u2013 <strong data-start=\"987\" data-end=\"995\">1 ks<\/strong><\/p>\n<\/li>\n<li data-start=\"998\" data-end=\"1034\">\n<p data-start=\"1000\" data-end=\"1034\">\ud83d\udfe9 Distan\u010dn\u00ed podlo\u017eky \u2013 <strong data-start=\"1024\" data-end=\"1032\">4 ks<\/strong><\/p>\n<\/li>\n<\/ul>\n<hr data-start=\"1036\" data-end=\"1039\" \/>\n<h2 data-start=\"1041\" data-end=\"1062\">\u2b50 Hlavn\u00ed v\u00fdhody:<\/h2>\n<p data-start=\"1063\" data-end=\"1228\">\u2705 dlouh\u00e1 \u017eivotnost d\u00edky \u017e\u00e1rov\u00e9mu zinku<br data-start=\"1149\" data-end=\"1152\" \/>\u2705 komplet s p\u0159\u00edslu\u0161enstv\u00edm v balen\u00ed<br data-start=\"1187\" data-end=\"1190\" \/>\u2705 snadn\u00e1 a rychl\u00e1 mont\u00e1\u017e i sv\u00e9pomoc\u00ed<\/p>\n<p data-start=\"1063\" data-end=\"1228\">\ud83d\ude97 <strong data-start=\"100\" data-end=\"146\">Doprava zdarma po cel\u00e9 \u010cR<\/strong><\/p>\n<p>\ud83c\udfa8\u00a0<strong data-start=\"400\" data-end=\"421\">Povrchov\u00e1 \u00faprava:<\/strong>\u00a0barva dle vzorn\u00edku RAL nebo odst\u00ednu na p\u0159\u00e1n\u00ed (nebo nap\u0159. pozink, komaxit)<\/p>\n<hr data-start=\"1230\" data-end=\"1233\" \/>\n<h2 data-start=\"1613\" data-end=\"1646\">\ud83d\udcde Kontakt a \u00fapravy na m\u00edru:<\/h2>\n<p data-start=\"1647\" data-end=\"1820\">\ud83d\udce9 V p\u0159\u00edpad\u011b jak\u00fdchkoliv nejasnost\u00ed nebo \u00fapravy rozm\u011br\u016f n\u00e1s nev\u00e1hejte kontaktovat:<br data-start=\"274\" data-end=\"277\" \/>\u2709\ufe0f\u00a0<strong data-start=\"280\" data-end=\"291\">E-mail:<\/strong>\u00a0\u00a0<a href=\"mailto:zamecnictvifiala@zamecnictvifiala.cz\" target=\"_blank\" rel=\"noopener\">zamecnictvifiala@zamecnictvifiala.cz<\/a><br data-start=\"328\" data-end=\"331\" \/>\ud83d\udcde\u00a0<strong data-start=\"334\" data-end=\"346\" data-is-only-node=\"\">Telefon:<\/strong>\u00a0<a href=\"tel:+420%20604%20881%20251\" target=\"_blank\" rel=\"noopener\">+420 604 881 251<\/a><\/p>\n","protected":false},"excerpt":{"rendered":"<p>\ud83d\udccb Z\u00e1kladn\u00ed popis: \u27a1\ufe0f \u0160\u00ed\u0159ka branky 1000 mm = ur\u010dena pro prostor mezi sloupky 990 \u2013 1040 mm\u27a1\ufe0f V\u00fd\u0161ka = 1800mm\u27a1\ufe0f R\u00e1m z ocelov\u00fdch profil\u016f 40 \u00d7 40 mm a 20 \u00d7 20 mm a svisl\u00e9 ty\u010de &#8211; \u010dty\u0159hran 12\u00a0 x 12 mm\u27a1\ufe0f \u0160irok\u00fd z\u00e1mkov\u00fd profil = mo\u017enost mont\u00e1\u017ee klasick\u00e9 kliky\u27a1\ufe0f Rozte\u010d klika\u2013vlo\u017eenka = 90 [&hellip;]<\/p>\n","protected":false},"featured_media":1011,"comment_status":"open","ping_status":"closed","template":"","meta":[],"product_brand":[],"product_cat":[39],"product_tag":[],"class_list":{"0":"post-385","1":"product","2":"type-product","3":"status-publish","4":"has-post-thumbnail","6":"product_cat-stavebni-zamecnictvi","7":"product_shipping_class-doprava-zdarma","9":"first","10":"onbackorder","11":"taxable","12":"shipping-taxable","13":"purchasable","14":"product-type-variable"},"jetpack_sharing_enabled":true,"_links":{"self":[{"href":"https:\/\/zamecnictvifiala.cz\/eshop\/wp-json\/wp\/v2\/product\/385","targetHints":{"allow":["GET"]}}],"collection":[{"href":"https:\/\/zamecnictvifiala.cz\/eshop\/wp-json\/wp\/v2\/product"}],"about":[{"href":"https:\/\/zamecnictvifiala.cz\/eshop\/wp-json\/wp\/v2\/types\/product"}],"replies":[{"embeddable":true,"href":"https:\/\/zamecnictvifiala.cz\/eshop\/wp-json\/wp\/v2\/comments?post=385"}],"wp:featuredmedia":[{"embeddable":true,"href":"https:\/\/zamecnictvifiala.cz\/eshop\/wp-json\/wp\/v2\/media\/1011"}],"wp:attachment":[{"href":"https:\/\/zamecnictvifiala.cz\/eshop\/wp-json\/wp\/v2\/media?parent=385"}],"wp:term":[{"taxonomy":"product_brand","embeddable":true,"href":"https:\/\/zamecnictvifiala.cz\/eshop\/wp-json\/wp\/v2\/product_brand?post=385"},{"taxonomy":"product_cat","embeddable":true,"href":"https:\/\/zamecnictvifiala.cz\/eshop\/wp-json\/wp\/v2\/product_cat?post=385"},{"taxonomy":"product_tag","embeddable":true,"href":"https:\/\/zamecnictvifiala.cz\/eshop\/wp-json\/wp\/v2\/product_tag?post=385"}],"curies":[{"name":"wp","href":"https:\/\/api.w.org\/{rel}","templated":true}]}}