{"id":474,"date":"2025-11-06T22:02:37","date_gmt":"2025-11-06T22:02:37","guid":{"rendered":"https:\/\/zamecnictvifiala.cz\/eshop\/?post_type=product&#038;p=474"},"modified":"2026-01-05T10:06:48","modified_gmt":"2026-01-05T10:06:48","slug":"otvirak-na-pivo-s-vasim-logem-a-textem","status":"publish","type":"product","link":"https:\/\/zamecnictvifiala.cz\/eshop\/produkt\/otvirak-na-pivo-s-vasim-logem-a-textem\/","title":{"rendered":"Otv\u00edr\u00e1k na pivo s Va\u0161\u00edm logem a textem, minim\u00e1ln\u00ed objedn\u00e1vka 30ks"},"content":{"rendered":"<p data-start=\"0\" data-end=\"53\">\ud83c\udf7a <strong data-start=\"3\" data-end=\"51\">Otv\u00edr\u00e1k na pivo s vlastn\u00edm logem nebo textem<\/strong><\/p>\n<p data-start=\"55\" data-end=\"286\">Origin\u00e1ln\u00ed otv\u00edr\u00e1k, kter\u00fd si m\u016f\u017eete nechat upravit podle sebe \u2013 ide\u00e1ln\u00ed d\u00e1rek, reklamn\u00ed p\u0159edm\u011bt nebo praktick\u00fd dopln\u011bk na kl\u00ed\u010de.<br data-start=\"200\" data-end=\"203\" \/>Na otv\u00edr\u00e1k V\u00e1m vygrav\u00edrujeme <strong data-start=\"232\" data-end=\"271\">logo, jm\u00e9no, n\u00e1pis nebo kr\u00e1tk\u00fd text<\/strong> podle p\u0159\u00e1n\u00ed.<\/p>\n<p data-start=\"288\" data-end=\"307\">\u2705 <strong data-start=\"290\" data-end=\"305\">Vlastnosti:<\/strong><\/p>\n<ul data-start=\"308\" data-end=\"554\">\n<li data-start=\"366\" data-end=\"444\">\n<p data-start=\"368\" data-end=\"444\">Mo\u017enost <strong data-start=\"376\" data-end=\"399\">grav\u00edrov\u00e1n\u00ed na m\u00edru<\/strong> \u2013 logo, text, firemn\u00ed n\u00e1zev, p\u0159ezd\u00edvka aj.<\/p>\n<\/li>\n<li data-start=\"366\" data-end=\"444\">Na vyzualizaci je na\u0161e logo a text pouze pro ilustraci<\/li>\n<li data-start=\"445\" data-end=\"479\">\n<p data-start=\"447\" data-end=\"479\">Precizn\u00ed a trvanliv\u00e9 proveden\u00ed<\/p>\n<\/li>\n<li data-start=\"480\" data-end=\"554\">\n<p data-start=\"482\" data-end=\"554\">Vhodn\u00e9 pro <strong data-start=\"493\" data-end=\"552\">firemn\u00ed akce, svatby, oslavy nebo jako origin\u00e1ln\u00ed d\u00e1rek<\/strong><\/p>\n<\/li>\n<\/ul>\n<p data-start=\"556\" data-end=\"638\">\ud83d\udce6 <strong data-start=\"559\" data-end=\"606\">Minim\u00e1ln\u00ed objedn\u00e1vka 30ks, v\u00fdroba do 5 t\u00fddn\u016f, p\u0159ed objedn\u00e1n\u00edm n\u00e1s kontaktujte na email, nebo na whatsapp 604 881 251<\/strong><\/p>\n<hr data-start=\"640\" data-end=\"643\" \/>\n<p data-start=\"645\" data-end=\"788\">\ud83d\udcde <strong data-start=\"648\" data-end=\"697\">Pro zasl\u00e1n\u00ed loga nebo n\u00e1vrhu n\u00e1s kontaktujte:<\/strong><br data-start=\"697\" data-end=\"700\" \/>\u2709\ufe0f <strong data-start=\"703\" data-end=\"714\">E-mail:<\/strong> <a class=\"decorated-link cursor-pointer\" rel=\"noopener\" data-start=\"715\" data-end=\"751\">zamecnictvifiala@zamecnictvifiala.cz<\/a><br data-start=\"751\" data-end=\"754\" \/>\ud83d\udcf1 <strong data-start=\"757\" data-end=\"769\">Telefon:<\/strong> +420 604 881 251<\/p>\n","protected":false},"excerpt":{"rendered":"<p>\ud83c\udf7a Otv\u00edr\u00e1k na pivo s vlastn\u00edm logem nebo textem Origin\u00e1ln\u00ed otv\u00edr\u00e1k, kter\u00fd si m\u016f\u017eete nechat upravit podle sebe \u2013 ide\u00e1ln\u00ed d\u00e1rek, reklamn\u00ed p\u0159edm\u011bt nebo praktick\u00fd dopln\u011bk na kl\u00ed\u010de.Na otv\u00edr\u00e1k V\u00e1m vygrav\u00edrujeme logo, jm\u00e9no, n\u00e1pis nebo kr\u00e1tk\u00fd text podle p\u0159\u00e1n\u00ed. \u2705 Vlastnosti: Mo\u017enost grav\u00edrov\u00e1n\u00ed na m\u00edru \u2013 logo, text, firemn\u00ed n\u00e1zev, p\u0159ezd\u00edvka aj. Na vyzualizaci je [&hellip;]<\/p>\n","protected":false},"featured_media":476,"comment_status":"open","ping_status":"closed","template":"","meta":[],"product_brand":[],"product_cat":[34],"product_tag":[],"class_list":{"0":"post-474","1":"product","2":"type-product","3":"status-publish","4":"has-post-thumbnail","6":"product_cat-reklamni-predmety","8":"first","9":"onbackorder","10":"taxable","11":"shipping-taxable","12":"purchasable","13":"product-type-simple"},"jetpack_sharing_enabled":true,"_links":{"self":[{"href":"https:\/\/zamecnictvifiala.cz\/eshop\/wp-json\/wp\/v2\/product\/474","targetHints":{"allow":["GET"]}}],"collection":[{"href":"https:\/\/zamecnictvifiala.cz\/eshop\/wp-json\/wp\/v2\/product"}],"about":[{"href":"https:\/\/zamecnictvifiala.cz\/eshop\/wp-json\/wp\/v2\/types\/product"}],"replies":[{"embeddable":true,"href":"https:\/\/zamecnictvifiala.cz\/eshop\/wp-json\/wp\/v2\/comments?post=474"}],"wp:featuredmedia":[{"embeddable":true,"href":"https:\/\/zamecnictvifiala.cz\/eshop\/wp-json\/wp\/v2\/media\/476"}],"wp:attachment":[{"href":"https:\/\/zamecnictvifiala.cz\/eshop\/wp-json\/wp\/v2\/media?parent=474"}],"wp:term":[{"taxonomy":"product_brand","embeddable":true,"href":"https:\/\/zamecnictvifiala.cz\/eshop\/wp-json\/wp\/v2\/product_brand?post=474"},{"taxonomy":"product_cat","embeddable":true,"href":"https:\/\/zamecnictvifiala.cz\/eshop\/wp-json\/wp\/v2\/product_cat?post=474"},{"taxonomy":"product_tag","embeddable":true,"href":"https:\/\/zamecnictvifiala.cz\/eshop\/wp-json\/wp\/v2\/product_tag?post=474"}],"curies":[{"name":"wp","href":"https:\/\/api.w.org\/{rel}","templated":true}]}}