{"id":482,"date":"2025-11-07T10:30:33","date_gmt":"2025-11-07T10:30:33","guid":{"rendered":"https:\/\/zamecnictvifiala.cz\/eshop\/?post_type=product&#038;p=482"},"modified":"2026-03-06T08:24:06","modified_gmt":"2026-03-06T08:24:06","slug":"francouzske-zabradli","status":"publish","type":"product","link":"https:\/\/zamecnictvifiala.cz\/eshop\/produkt\/francouzske-zabradli\/","title":{"rendered":"Francouzsk\u00e9 z\u00e1bradl\u00ed"},"content":{"rendered":"<p data-start=\"0\" data-end=\"69\"><strong data-start=\"3\" data-end=\"67\">Francouzsk\u00e9 z\u00e1bradl\u00ed \u2013 elegantn\u00ed bezpe\u010dnostn\u00ed prvek pro okna<\/strong><\/p>\n<p data-start=\"71\" data-end=\"324\">Modern\u00ed <strong data-start=\"79\" data-end=\"103\">francouzsk\u00e9 z\u00e1bradl\u00ed<\/strong> vyr\u00e1b\u00edme z kvalitn\u00edho<strong data-start=\"124\" data-end=\"145\">\u00a0nerezu<\/strong>, s d\u016frazem na bezpe\u010dnost, pevnost a \u010dist\u00fd design.<br data-start=\"195\" data-end=\"198\" \/>Ide\u00e1ln\u00ed \u0159e\u0161en\u00ed pro <strong data-start=\"217\" data-end=\"260\">francouzsk\u00e1 okna, lod\u017eie a patrov\u00e9 domy<\/strong>, kde nen\u00ed klasick\u00fd balkon, ale je pot\u0159eba ochrana proti p\u00e1du.<\/p>\n<p data-start=\"326\" data-end=\"345\">\u2705 <strong data-start=\"328\" data-end=\"343\">Vlastnosti:<\/strong><\/p>\n<ul data-start=\"346\" data-end=\"634\">\n<li data-start=\"346\" data-end=\"401\">\n<p data-start=\"348\" data-end=\"401\">\u0160\u00ed\u0159ka: dle V\u00e1mi zvolen\u00e9 varianty<\/p>\n<\/li>\n<li data-start=\"346\" data-end=\"401\">V\u00fd\u0161ka: 700mm<\/li>\n<li data-start=\"473\" data-end=\"509\">\n<p data-start=\"475\" data-end=\"509\">Kotven\u00ed na fas\u00e1du (kotvy nejsou sou\u010d\u00e1st\u00ed dod\u00e1vky)<\/p>\n<\/li>\n<li data-start=\"510\" data-end=\"583\">\n<p data-start=\"512\" data-end=\"583\"><span data-start=\"530\" data-end=\"581\">Materi\u00e1l<\/span><strong data-start=\"530\" data-end=\"581\"> nerez brou\u0161en\u00e1 AISI 304<\/strong><\/p>\n<\/li>\n<li data-start=\"584\" data-end=\"634\">\n<p data-start=\"586\" data-end=\"634\">Mo\u017enost zak\u00e1zkov\u00e9 v\u00fdroby podle p\u0159\u00e1n\u00ed z\u00e1kazn\u00edka<\/p>\n<\/li>\n<\/ul>\n<p data-start=\"636\" data-end=\"707\">\ud83d\udca1 Estetick\u00fd dopln\u011bk, kter\u00fd dod\u00e1 fas\u00e1d\u011b <strong data-start=\"676\" data-end=\"704\">modern\u00ed a luxusn\u00ed vzhled<\/strong>.<\/p>\n<p data-start=\"714\" data-end=\"895\">_____________________________________________________________________________________________________________________<\/p>\n<p data-start=\"736\" data-end=\"900\">\ud83d\udce7 M\u00e1te speci\u00e1ln\u00ed po\u017eadavky na rozm\u011br nebo desing?<br data-start=\"799\" data-end=\"802\" \/>Napi\u0161te n\u00e1m na\u00a0<strong data-start=\"817\" data-end=\"857\"><a class=\"decorated-link cursor-pointer\" rel=\"noopener\" data-start=\"819\" data-end=\"855\">zamecnictvifiala@zamecnictvifiala.cz<\/a><\/strong><\/p>\n<p data-start=\"736\" data-end=\"900\">\ud83d\udcde\u00a0Pro technick\u00e9 dotazy nebo osobn\u00ed konzultaci volejte\u00a0<strong data-start=\"957\" data-end=\"978\">+420 604 881 251<\/strong><\/p>\n","protected":false},"excerpt":{"rendered":"<p>Francouzsk\u00e9 z\u00e1bradl\u00ed \u2013 elegantn\u00ed bezpe\u010dnostn\u00ed prvek pro okna Modern\u00ed francouzsk\u00e9 z\u00e1bradl\u00ed vyr\u00e1b\u00edme z kvalitn\u00edho\u00a0nerezu, s d\u016frazem na bezpe\u010dnost, pevnost a \u010dist\u00fd design.Ide\u00e1ln\u00ed \u0159e\u0161en\u00ed pro francouzsk\u00e1 okna, lod\u017eie a patrov\u00e9 domy, kde nen\u00ed klasick\u00fd balkon, ale je pot\u0159eba ochrana proti p\u00e1du. \u2705 Vlastnosti: \u0160\u00ed\u0159ka: dle V\u00e1mi zvolen\u00e9 varianty V\u00fd\u0161ka: 700mm Kotven\u00ed na fas\u00e1du (kotvy nejsou sou\u010d\u00e1st\u00ed [&hellip;]<\/p>\n","protected":false},"featured_media":1026,"comment_status":"open","ping_status":"closed","template":"","meta":[],"product_brand":[],"product_cat":[39],"product_tag":[25],"class_list":{"0":"post-482","1":"product","2":"type-product","3":"status-publish","4":"has-post-thumbnail","6":"product_cat-stavebni-zamecnictvi","7":"product_tag-nas-produkt","9":"first","10":"onbackorder","11":"taxable","12":"shipping-taxable","13":"purchasable","14":"product-type-variable"},"jetpack_sharing_enabled":true,"_links":{"self":[{"href":"https:\/\/zamecnictvifiala.cz\/eshop\/wp-json\/wp\/v2\/product\/482","targetHints":{"allow":["GET"]}}],"collection":[{"href":"https:\/\/zamecnictvifiala.cz\/eshop\/wp-json\/wp\/v2\/product"}],"about":[{"href":"https:\/\/zamecnictvifiala.cz\/eshop\/wp-json\/wp\/v2\/types\/product"}],"replies":[{"embeddable":true,"href":"https:\/\/zamecnictvifiala.cz\/eshop\/wp-json\/wp\/v2\/comments?post=482"}],"wp:featuredmedia":[{"embeddable":true,"href":"https:\/\/zamecnictvifiala.cz\/eshop\/wp-json\/wp\/v2\/media\/1026"}],"wp:attachment":[{"href":"https:\/\/zamecnictvifiala.cz\/eshop\/wp-json\/wp\/v2\/media?parent=482"}],"wp:term":[{"taxonomy":"product_brand","embeddable":true,"href":"https:\/\/zamecnictvifiala.cz\/eshop\/wp-json\/wp\/v2\/product_brand?post=482"},{"taxonomy":"product_cat","embeddable":true,"href":"https:\/\/zamecnictvifiala.cz\/eshop\/wp-json\/wp\/v2\/product_cat?post=482"},{"taxonomy":"product_tag","embeddable":true,"href":"https:\/\/zamecnictvifiala.cz\/eshop\/wp-json\/wp\/v2\/product_tag?post=482"}],"curies":[{"name":"wp","href":"https:\/\/api.w.org\/{rel}","templated":true}]}}