{"id":836,"date":"2025-11-17T16:46:37","date_gmt":"2025-11-17T16:46:37","guid":{"rendered":"https:\/\/zamecnictvifiala.cz\/eshop\/?post_type=product&#038;p=836"},"modified":"2026-01-05T10:07:13","modified_gmt":"2026-01-05T10:07:13","slug":"ocelove-zebriny-na-posilovani","status":"publish","type":"product","link":"https:\/\/zamecnictvifiala.cz\/eshop\/produkt\/ocelove-zebriny-na-posilovani\/","title":{"rendered":"Ocelov\u00e9 \u017eeb\u0159iny na posilov\u00e1n\u00ed"},"content":{"rendered":"<h2 data-start=\"123\" data-end=\"159\"><strong data-start=\"126\" data-end=\"159\">Ocelov\u00e9 \u017eeb\u0159iny na posilov\u00e1n\u00ed<\/strong><\/h2>\n<p data-start=\"161\" data-end=\"291\">Materi\u00e1l: masivn\u00ed ocelov\u00e1 konstrukce, st\u0159\u00edkan\u00e1 barva<br data-start=\"214\" data-end=\"217\" \/>Vhodn\u00e9 pro: dom\u00e1c\u00ed posilovny, gar\u00e1\u017ee, d\u00edlny, venkovn\u00ed i pr\u016fmyslov\u00e9 pou\u017eit\u00ed<\/p>\n<p data-start=\"293\" data-end=\"404\">Rozm\u011br: v\u00fd\u0161ka 215 cm, \u0161\u00ed\u0159ka 125 cm, d\u00e9lka 270 cm<br data-start=\"332\" data-end=\"335\" \/>Profil: profil &#8211; 60x60x3, p\u0159\u00ed\u010dky trubka 30&#215;3<br data-start=\"351\" data-end=\"354\" \/>Kotven\u00ed: do zem\u011b nutn\u00e9 ud\u011blat betov\u00e9 patky (kotvy nejsou sou\u010d\u00e1st\u00ed objedn\u00e1vky)<\/p>\n<p data-start=\"293\" data-end=\"404\">Nen\u00ed ur\u010deno pro profesion\u00e1ln\u00ed posilovny, pou\u017e\u00edt\u00ed na vlastn\u00ed riziko.<\/p>\n<p data-start=\"293\" data-end=\"404\">V\u00fdroba 3-5 t\u00fddn\u016f<\/p>\n<p data-start=\"406\" data-end=\"431\">\ud83d\ude97 <strong data-start=\"409\" data-end=\"431\">Doprava zdarma\u00a0 po cel\u00e9 \u010cR<\/strong><\/p>\n<h3 data-start=\"433\" data-end=\"473\"><strong data-start=\"437\" data-end=\"473\">Kl\u00ed\u010dov\u00e9 p\u0159ednosti t\u011bchto \u017eeb\u0159in:<\/strong><\/h3>\n<ul data-start=\"475\" data-end=\"791\">\n<li data-start=\"475\" data-end=\"564\">\n<p data-start=\"477\" data-end=\"564\">Extr\u00e9mn\u011b pevn\u00e1 a stabiln\u00ed ocelov\u00e1 konstrukce vhodn\u00e1 i pro n\u00e1ro\u010dn\u00e9 silov\u00e9 tr\u00e9ninky. \ud83d\udcaa<\/p>\n<\/li>\n<li data-start=\"565\" data-end=\"643\">\n<p data-start=\"567\" data-end=\"643\">Ide\u00e1ln\u00ed na shyby, v\u00fddr\u017e, mobilitu nebo jako z\u00e1klad pro dom\u00e1c\u00ed workout. \ud83c\udfcb\ufe0f<\/p>\n<\/li>\n<li data-start=\"644\" data-end=\"729\">\u010cist\u00fd, modern\u00ed design, kter\u00fd zapadne do ka\u017ed\u00e9ho prostoru. \u2728<\/li>\n<\/ul>\n<p data-start=\"793\" data-end=\"925\">\ud83d\udce7 <strong data-start=\"796\" data-end=\"835\">Pot\u0159ebuje\u0161 jin\u00fd rozm\u011br nebo \u00fapravu?<\/strong><br data-start=\"835\" data-end=\"838\" \/>Napi\u0161 na <strong data-start=\"847\" data-end=\"887\"><a class=\"decorated-link cursor-pointer\" rel=\"noopener\" data-start=\"849\" data-end=\"885\">zamecnictvifiala@zamecnictvifiala.cz<\/a><\/strong> \u2013 vyrob\u00edme ti \u017eeb\u0159iny p\u0159esn\u011b na m\u00edru.<\/p>\n<p data-start=\"927\" data-end=\"994\">\ud83d\udcde <strong data-start=\"930\" data-end=\"976\">Pro dotazy nebo technick\u00e9 informace volej:<\/strong> +420 604 881 251.<\/p>\n","protected":false},"excerpt":{"rendered":"<p>Ocelov\u00e9 \u017eeb\u0159iny na posilov\u00e1n\u00ed Materi\u00e1l: masivn\u00ed ocelov\u00e1 konstrukce, st\u0159\u00edkan\u00e1 barvaVhodn\u00e9 pro: dom\u00e1c\u00ed posilovny, gar\u00e1\u017ee, d\u00edlny, venkovn\u00ed i pr\u016fmyslov\u00e9 pou\u017eit\u00ed Rozm\u011br: v\u00fd\u0161ka 215 cm, \u0161\u00ed\u0159ka 125 cm, d\u00e9lka 270 cmProfil: profil &#8211; 60x60x3, p\u0159\u00ed\u010dky trubka 30&#215;3Kotven\u00ed: do zem\u011b nutn\u00e9 ud\u011blat betov\u00e9 patky (kotvy nejsou sou\u010d\u00e1st\u00ed objedn\u00e1vky) Nen\u00ed ur\u010deno pro profesion\u00e1ln\u00ed posilovny, pou\u017e\u00edt\u00ed na vlastn\u00ed riziko. V\u00fdroba [&hellip;]<\/p>\n","protected":false},"featured_media":834,"comment_status":"open","ping_status":"closed","template":"","meta":[],"product_brand":[],"product_cat":[38],"product_tag":[31,25],"class_list":{"0":"post-836","1":"product","2":"type-product","3":"status-publish","4":"has-post-thumbnail","6":"product_cat-fitnes","7":"product_tag-doprava-zdarma","8":"product_tag-nas-produkt","9":"product_shipping_class-doprava-zdarma","11":"first","12":"onbackorder","13":"taxable","14":"shipping-taxable","15":"purchasable","16":"product-type-variable"},"jetpack_sharing_enabled":true,"_links":{"self":[{"href":"https:\/\/zamecnictvifiala.cz\/eshop\/wp-json\/wp\/v2\/product\/836","targetHints":{"allow":["GET"]}}],"collection":[{"href":"https:\/\/zamecnictvifiala.cz\/eshop\/wp-json\/wp\/v2\/product"}],"about":[{"href":"https:\/\/zamecnictvifiala.cz\/eshop\/wp-json\/wp\/v2\/types\/product"}],"replies":[{"embeddable":true,"href":"https:\/\/zamecnictvifiala.cz\/eshop\/wp-json\/wp\/v2\/comments?post=836"}],"wp:featuredmedia":[{"embeddable":true,"href":"https:\/\/zamecnictvifiala.cz\/eshop\/wp-json\/wp\/v2\/media\/834"}],"wp:attachment":[{"href":"https:\/\/zamecnictvifiala.cz\/eshop\/wp-json\/wp\/v2\/media?parent=836"}],"wp:term":[{"taxonomy":"product_brand","embeddable":true,"href":"https:\/\/zamecnictvifiala.cz\/eshop\/wp-json\/wp\/v2\/product_brand?post=836"},{"taxonomy":"product_cat","embeddable":true,"href":"https:\/\/zamecnictvifiala.cz\/eshop\/wp-json\/wp\/v2\/product_cat?post=836"},{"taxonomy":"product_tag","embeddable":true,"href":"https:\/\/zamecnictvifiala.cz\/eshop\/wp-json\/wp\/v2\/product_tag?post=836"}],"curies":[{"name":"wp","href":"https:\/\/api.w.org\/{rel}","templated":true}]}}