{"id":963,"date":"2025-12-21T17:34:25","date_gmt":"2025-12-21T17:34:25","guid":{"rendered":"https:\/\/zamecnictvifiala.cz\/eshop\/?post_type=product&#038;p=963"},"modified":"2026-01-05T10:07:17","modified_gmt":"2026-01-05T10:07:17","slug":"u-sloupek-zabradli","status":"publish","type":"product","link":"https:\/\/zamecnictvifiala.cz\/eshop\/produkt\/u-sloupek-zabradli\/","title":{"rendered":"U sloupek z\u00e1bradl\u00ed"},"content":{"rendered":"<h3 data-start=\"89\" data-end=\"132\">U sloupek \u2013 univerz\u00e1ln\u00ed ocelov\u00fd sloupek<\/h3>\n<p data-start=\"134\" data-end=\"318\"><strong data-start=\"134\" data-end=\"147\">Materi\u00e1l:<\/strong> Ocel<br data-start=\"152\" data-end=\"155\" \/><strong data-start=\"155\" data-end=\"176\">Povrchov\u00e1 \u00faprava:<\/strong> \u017d\u00e1rov\u00fd zinek \/ komaxit (dle varianty)<br data-start=\"214\" data-end=\"217\" \/><strong data-start=\"217\" data-end=\"226\">Tvar:<\/strong> U profil<br data-start=\"235\" data-end=\"238\" \/><strong data-start=\"238\" data-end=\"250\">Pou\u017eit\u00ed:<\/strong> Zabradl\u00ed<\/p>\n<p data-start=\"320\" data-end=\"483\">U sloupek je praktick\u00e9 a osv\u011bd\u010den\u00e9 \u0159e\u0161en\u00ed pro pevn\u00e9 a stabiln\u00ed ukotven\u00ed konstrukc\u00ed. D\u00edky jednoduch\u00e9mu tvaru nab\u00edz\u00ed \u0161irok\u00e9 mo\u017enosti vyu\u017eit\u00ed v exteri\u00e9ru i interi\u00e9ru.<\/p>\n<hr data-start=\"485\" data-end=\"488\" \/>\n<h3 data-start=\"490\" data-end=\"512\">Kl\u00ed\u010dov\u00e9 p\u0159ednosti:<\/h3>\n<p data-start=\"514\" data-end=\"725\">\u2705 Pevn\u00e1 ocelov\u00e1 konstrukce s dlouhou \u017eivotnost\u00ed<br data-start=\"561\" data-end=\"564\" \/>\u2705 Mo\u017enost kotvit do \u010dela nebo boku n\u00e1\u0161lapu<br data-start=\"605\" data-end=\"608\" \/>\u2705 Odolnost proti korozi d\u00edky kvalitn\u00ed povrchov\u00e9 \u00faprav\u011b<br data-start=\"662\" data-end=\"665\" \/>\u2705 Univerz\u00e1ln\u00ed pou\u017eit\u00ed \u2013 ploty, ohrady, z\u00e1badl\u00ed<\/p>\n<hr data-start=\"727\" data-end=\"730\" \/>\n<p data-start=\"732\" data-end=\"829\">\ud83d\udccf <strong data-start=\"735\" data-end=\"759\">Rozm\u011bry a proveden\u00ed:<\/strong><br data-start=\"759\" data-end=\"762\" \/>D\u00e9lka, s\u00edla materi\u00e1lu i povrchov\u00e1 \u00faprava dle varianty nebo zak\u00e1zky.<\/p>\n<p data-start=\"732\" data-end=\"829\">V\u00fdroba do 4 t\u00fddn\u016f.<\/p>\n<p data-start=\"831\" data-end=\"982\">\ud83d\udce7 <strong data-start=\"834\" data-end=\"882\">Pot\u0159ebujete jin\u00fd rozm\u011br nebo \u00fapravu na m\u00edru?<\/strong><br data-start=\"882\" data-end=\"885\" \/>Napi\u0161te n\u00e1m na <strong data-start=\"900\" data-end=\"940\"><a class=\"decorated-link cursor-pointer\" rel=\"noopener\" data-start=\"902\" data-end=\"938\">zamecnictvifiala@zamecnictvifiala.cz<\/a><\/strong> \u2013 vyrob\u00edme p\u0159esn\u011b podle va\u0161ich po\u017eadavk\u016f.<\/p>\n<p data-start=\"984\" data-end=\"1040\">\ud83d\udcde <strong data-start=\"987\" data-end=\"1021\">Technick\u00e9 dotazy a konzultace:<\/strong><br data-start=\"1021\" data-end=\"1024\" \/>+420 604 881 251<\/p>\n","protected":false},"excerpt":{"rendered":"<p>U sloupek \u2013 univerz\u00e1ln\u00ed ocelov\u00fd sloupek Materi\u00e1l: OcelPovrchov\u00e1 \u00faprava: \u017d\u00e1rov\u00fd zinek \/ komaxit (dle varianty)Tvar: U profilPou\u017eit\u00ed: Zabradl\u00ed U sloupek je praktick\u00e9 a osv\u011bd\u010den\u00e9 \u0159e\u0161en\u00ed pro pevn\u00e9 a stabiln\u00ed ukotven\u00ed konstrukc\u00ed. D\u00edky jednoduch\u00e9mu tvaru nab\u00edz\u00ed \u0161irok\u00e9 mo\u017enosti vyu\u017eit\u00ed v exteri\u00e9ru i interi\u00e9ru. Kl\u00ed\u010dov\u00e9 p\u0159ednosti: \u2705 Pevn\u00e1 ocelov\u00e1 konstrukce s dlouhou \u017eivotnost\u00ed\u2705 Mo\u017enost kotvit do \u010dela [&hellip;]<\/p>\n","protected":false},"featured_media":965,"comment_status":"open","ping_status":"closed","template":"","meta":[],"product_brand":[],"product_cat":[39],"product_tag":[],"class_list":{"0":"post-963","1":"product","2":"type-product","3":"status-publish","4":"has-post-thumbnail","6":"product_cat-stavebni-zamecnictvi","7":"product_shipping_class-doprava-zdarma","9":"first","10":"onbackorder","11":"taxable","12":"shipping-taxable","13":"purchasable","14":"product-type-simple"},"jetpack_sharing_enabled":true,"_links":{"self":[{"href":"https:\/\/zamecnictvifiala.cz\/eshop\/wp-json\/wp\/v2\/product\/963","targetHints":{"allow":["GET"]}}],"collection":[{"href":"https:\/\/zamecnictvifiala.cz\/eshop\/wp-json\/wp\/v2\/product"}],"about":[{"href":"https:\/\/zamecnictvifiala.cz\/eshop\/wp-json\/wp\/v2\/types\/product"}],"replies":[{"embeddable":true,"href":"https:\/\/zamecnictvifiala.cz\/eshop\/wp-json\/wp\/v2\/comments?post=963"}],"wp:featuredmedia":[{"embeddable":true,"href":"https:\/\/zamecnictvifiala.cz\/eshop\/wp-json\/wp\/v2\/media\/965"}],"wp:attachment":[{"href":"https:\/\/zamecnictvifiala.cz\/eshop\/wp-json\/wp\/v2\/media?parent=963"}],"wp:term":[{"taxonomy":"product_brand","embeddable":true,"href":"https:\/\/zamecnictvifiala.cz\/eshop\/wp-json\/wp\/v2\/product_brand?post=963"},{"taxonomy":"product_cat","embeddable":true,"href":"https:\/\/zamecnictvifiala.cz\/eshop\/wp-json\/wp\/v2\/product_cat?post=963"},{"taxonomy":"product_tag","embeddable":true,"href":"https:\/\/zamecnictvifiala.cz\/eshop\/wp-json\/wp\/v2\/product_tag?post=963"}],"curies":[{"name":"wp","href":"https:\/\/api.w.org\/{rel}","templated":true}]}}