{"id":967,"date":"2025-12-26T17:13:42","date_gmt":"2025-12-26T17:13:42","guid":{"rendered":"https:\/\/zamecnictvifiala.cz\/eshop\/?post_type=product&#038;p=967"},"modified":"2026-03-04T09:21:10","modified_gmt":"2026-03-04T09:21:10","slug":"kovovy-drzak-konvi","status":"publish","type":"product","link":"https:\/\/zamecnictvifiala.cz\/eshop\/produkt\/kovovy-drzak-konvi\/","title":{"rendered":"Kovov\u00fd dr\u017e\u00e1k konv\u00ed"},"content":{"rendered":"<h3 data-start=\"80\" data-end=\"105\">Kovov\u00fd dr\u017e\u00e1k konv\u00ed<\/h3>\n<p data-start=\"107\" data-end=\"311\">Praktick\u00fd a pevn\u00fd kovov\u00fd dr\u017e\u00e1k ur\u010den\u00fd pro zav\u011b\u0161en\u00ed konv\u00ed, kbel\u00edk\u016f nebo jin\u00e9ho n\u00e1\u0159ad\u00ed. Ide\u00e1ln\u00ed \u0159e\u0161en\u00ed pro h\u0159bitovy, zahrady, hospod\u00e1\u0159sk\u00e9 prostory i gar\u00e1\u017ee, kde je pot\u0159eba m\u00edt v\u0161e p\u0159ehledn\u011b a bezpe\u010dn\u011b ulo\u017een\u00e9.<\/p>\n<p data-start=\"313\" data-end=\"513\"><strong data-start=\"313\" data-end=\"326\">Materi\u00e1l:<\/strong> ocel<br data-start=\"331\" data-end=\"334\" \/><strong data-start=\"334\" data-end=\"355\">Povrchov\u00e1 \u00faprava:<\/strong> dle varianty (pozink \/ komaxit)<br data-start=\"387\" data-end=\"390\" \/><strong data-start=\"390\" data-end=\"402\">Pou\u017eit\u00ed:<\/strong> konve, kbel\u00edky<br data-start=\"434\" data-end=\"437\" \/><strong data-start=\"437\" data-end=\"448\">Mont\u00e1\u017e:<\/strong> do zem\u011b (spojovac\u00ed materi\u00e1l nen\u00ed sou\u010d\u00e1st\u00ed balen\u00ed)<\/p>\n<hr data-start=\"549\" data-end=\"552\" \/>\n<h3 data-start=\"554\" data-end=\"594\">\u2705 Kl\u00ed\u010dov\u00e9 p\u0159ednosti tohoto produktu:<\/h3>\n<p data-start=\"596\" data-end=\"775\">\u2714\ufe0f Pevn\u00e1 a odoln\u00e1 konstrukce vhodn\u00e1 pro ka\u017edodenn\u00ed pou\u017e\u00edv\u00e1n\u00ed \ud83d\udcaa<br data-start=\"659\" data-end=\"662\" \/>\u2714\ufe0f Udr\u017euje po\u0159\u00e1dek a \u0161et\u0159\u00ed m\u00edsto \ud83e\uddf0<br data-start=\"697\" data-end=\"700\" \/>\u2714\ufe0f Jednoduch\u00e1 a rychl\u00e1 mont\u00e1\u017e \ud83d\udd27<\/p>\n<p data-start=\"777\" data-end=\"942\">\n<div class=\"wpcf7 no-js\" id=\"wpcf7-f1092-o1\" lang=\"cs-CZ\" dir=\"ltr\" data-wpcf7-id=\"1092\">\n<div class=\"screen-reader-response\"><p role=\"status\" aria-live=\"polite\" aria-atomic=\"true\"><\/p> <ul><\/ul><\/div>\n<form action=\"\/eshop\/wp-json\/wp\/v2\/product\/967#wpcf7-f1092-o1\" method=\"post\" class=\"wpcf7-form init\" aria-label=\"Kontaktn\u00ed formul\u00e1\u0159\" novalidate=\"novalidate\" data-status=\"init\">\n<fieldset class=\"hidden-fields-container\"><input type=\"hidden\" name=\"_wpcf7\" value=\"1092\" \/><input type=\"hidden\" name=\"_wpcf7_version\" value=\"6.1.5\" \/><input type=\"hidden\" name=\"_wpcf7_locale\" value=\"cs_CZ\" \/><input type=\"hidden\" name=\"_wpcf7_unit_tag\" value=\"wpcf7-f1092-o1\" \/><input type=\"hidden\" name=\"_wpcf7_container_post\" value=\"0\" \/><input type=\"hidden\" name=\"_wpcf7_posted_data_hash\" value=\"\" \/>\n<\/fieldset>\n<p><label> Va\u0161e jm\u00e9no<br \/>\n<span class=\"wpcf7-form-control-wrap\" data-name=\"your-name\"><input size=\"40\" maxlength=\"400\" class=\"wpcf7-form-control wpcf7-text wpcf7-validates-as-required\" autocomplete=\"name\" aria-required=\"true\" aria-invalid=\"false\" value=\"\" type=\"text\" name=\"your-name\" \/><\/span> <\/label>\n<\/p>\n<p><label> N\u00e1zev obce<br \/>\n<span class=\"wpcf7-form-control-wrap\" data-name=\"your-name\"><input size=\"40\" maxlength=\"400\" class=\"wpcf7-form-control wpcf7-text wpcf7-validates-as-required\" autocomplete=\"name\" aria-required=\"true\" aria-invalid=\"false\" value=\"\" type=\"text\" name=\"your-name\" \/><\/span> <\/label>\n<\/p>\n<p><label> V\u00e1\u0161 e-mail<br \/>\n<span class=\"wpcf7-form-control-wrap\" data-name=\"your-email\"><input size=\"40\" maxlength=\"400\" class=\"wpcf7-form-control wpcf7-email wpcf7-validates-as-required wpcf7-text wpcf7-validates-as-email\" autocomplete=\"email\" aria-required=\"true\" aria-invalid=\"false\" value=\"\" type=\"email\" name=\"your-email\" \/><\/span> <\/label>\n<\/p>\n<p><label> P\u0159edm\u011bt<br \/>\n<span class=\"wpcf7-form-control-wrap\" data-name=\"your-subject\"><input size=\"40\" maxlength=\"400\" class=\"wpcf7-form-control wpcf7-text wpcf7-validates-as-required\" aria-required=\"true\" aria-invalid=\"false\" value=\"\" type=\"text\" name=\"your-subject\" \/><\/span> <\/label>\n<\/p>\n<p><label> Va\u0161e zpr\u00e1va (voliteln\u00fd)<br \/>\n<span class=\"wpcf7-form-control-wrap\" data-name=\"your-message\"><textarea cols=\"40\" rows=\"10\" maxlength=\"2000\" class=\"wpcf7-form-control wpcf7-textarea\" aria-invalid=\"false\" name=\"your-message\"><\/textarea><\/span> <\/label>\n<\/p>\n<p><input class=\"wpcf7-form-control wpcf7-submit has-spinner\" type=\"submit\" value=\"Odeslat\" \/>\n<\/p><div class=\"wpcf7-response-output\" aria-hidden=\"true\"><\/div>\n<\/form>\n<\/div>\n<\/p>\n","protected":false},"excerpt":{"rendered":"<p>Kovov\u00fd dr\u017e\u00e1k konv\u00ed Praktick\u00fd a pevn\u00fd kovov\u00fd dr\u017e\u00e1k ur\u010den\u00fd pro zav\u011b\u0161en\u00ed konv\u00ed, kbel\u00edk\u016f nebo jin\u00e9ho n\u00e1\u0159ad\u00ed. Ide\u00e1ln\u00ed \u0159e\u0161en\u00ed pro h\u0159bitovy, zahrady, hospod\u00e1\u0159sk\u00e9 prostory i gar\u00e1\u017ee, kde je pot\u0159eba m\u00edt v\u0161e p\u0159ehledn\u011b a bezpe\u010dn\u011b ulo\u017een\u00e9. Materi\u00e1l: ocelPovrchov\u00e1 \u00faprava: dle varianty (pozink \/ komaxit)Pou\u017eit\u00ed: konve, kbel\u00edkyMont\u00e1\u017e: do zem\u011b (spojovac\u00ed materi\u00e1l nen\u00ed sou\u010d\u00e1st\u00ed balen\u00ed) \u2705 Kl\u00ed\u010dov\u00e9 p\u0159ednosti tohoto [&hellip;]<\/p>\n","protected":false},"featured_media":968,"comment_status":"open","ping_status":"closed","template":"","meta":[],"product_brand":[],"product_cat":[51],"product_tag":[],"class_list":{"0":"post-967","1":"product","2":"type-product","3":"status-publish","4":"has-post-thumbnail","6":"product_cat-produkty-do-mesta","8":"first","9":"onbackorder","10":"taxable","11":"shipping-taxable","12":"product-type-simple"},"jetpack_sharing_enabled":true,"_links":{"self":[{"href":"https:\/\/zamecnictvifiala.cz\/eshop\/wp-json\/wp\/v2\/product\/967","targetHints":{"allow":["GET"]}}],"collection":[{"href":"https:\/\/zamecnictvifiala.cz\/eshop\/wp-json\/wp\/v2\/product"}],"about":[{"href":"https:\/\/zamecnictvifiala.cz\/eshop\/wp-json\/wp\/v2\/types\/product"}],"replies":[{"embeddable":true,"href":"https:\/\/zamecnictvifiala.cz\/eshop\/wp-json\/wp\/v2\/comments?post=967"}],"wp:featuredmedia":[{"embeddable":true,"href":"https:\/\/zamecnictvifiala.cz\/eshop\/wp-json\/wp\/v2\/media\/968"}],"wp:attachment":[{"href":"https:\/\/zamecnictvifiala.cz\/eshop\/wp-json\/wp\/v2\/media?parent=967"}],"wp:term":[{"taxonomy":"product_brand","embeddable":true,"href":"https:\/\/zamecnictvifiala.cz\/eshop\/wp-json\/wp\/v2\/product_brand?post=967"},{"taxonomy":"product_cat","embeddable":true,"href":"https:\/\/zamecnictvifiala.cz\/eshop\/wp-json\/wp\/v2\/product_cat?post=967"},{"taxonomy":"product_tag","embeddable":true,"href":"https:\/\/zamecnictvifiala.cz\/eshop\/wp-json\/wp\/v2\/product_tag?post=967"}],"curies":[{"name":"wp","href":"https:\/\/api.w.org\/{rel}","templated":true}]}}